{"id":197,"date":"2018-01-16T21:24:46","date_gmt":"2018-01-16T21:24:46","guid":{"rendered":"http:\/\/entwicklung.he-internet.de\/wp_wsch\/?page_id=197"},"modified":"2022-03-14T13:09:18","modified_gmt":"2022-03-14T13:09:18","slug":"mitgliederbereich","status":"publish","type":"page","link":"https:\/\/www.wsc-haseldorf.de\/?page_id=197","title":{"rendered":"Mitgliederbereich"},"content":{"rendered":"<p>[et_pb_section fb_built=&#8220;1&#8243; _builder_version=&#8220;3.22.3&#8243; background_color=&#8220;rgba(0,71,147,0.23)&#8220; global_colors_info=&#8220;{}&#8220;][et_pb_row _builder_version=&#8220;3.25&#8243; background_color=&#8220;rgba(255,255,255,0)&#8220; background_size=&#8220;initial&#8220; background_position=&#8220;top_left&#8220; background_repeat=&#8220;repeat&#8220; global_colors_info=&#8220;{}&#8220;][et_pb_column type=&#8220;4_4&#8243; _builder_version=&#8220;3.25&#8243; custom_padding=&#8220;|||&#8220; global_colors_info=&#8220;{}&#8220; custom_padding__hover=&#8220;|||&#8220;][et_pb_text _builder_version=&#8220;3.27.4&#8243; global_colors_info=&#8220;{}&#8220;]<\/p>\n<p><strong><div id=\"mtphr-dnt-1023\" class=\"mtphr-dnt mtphr-dnt-1023 mtphr-dnt-mixed mtphr-dnt-scroll mtphr-dnt-scroll-left\"><div class=\"mtphr-dnt-wrapper mtphr-dnt-clearfix\"><div class=\"mtphr-dnt-tick-container\"><div class=\"mtphr-dnt-tick-contents\"><div class=\"mtphr-dnt-tick mtphr-dnt-default-tick mtphr-dnt-clearfix \">+ + + Gr\u00fcnkohlessen am 22.02.2019 um 19.00 Uhr im J\u00e4gerkrug  + + +  Treffen zum Hafenaufbau am 13.04.2019 um 07.00 Uhr + + +<\/div><\/div><\/div><\/div><\/div><\/strong><\/p>\n<p>[\/et_pb_text][et_pb_image src=&#8220;http:\/\/www.wsc-haseldorf.de\/wp-content\/uploads\/2018\/01\/slider-intern-1.jpg&#8220; align=&#8220;center&#8220; align_tablet=&#8220;center&#8220; align_phone=&#8220;&#8220; align_last_edited=&#8220;on|desktop&#8220; _builder_version=&#8220;3.23&#8243; custom_padding=&#8220;-10px|||&#8220; global_colors_info=&#8220;{}&#8220;][\/et_pb_image][\/et_pb_column][\/et_pb_row][\/et_pb_section][et_pb_section fb_built=&#8220;1&#8243; _builder_version=&#8220;3.22.3&#8243; background_color=&#8220;rgba(255,255,255,0)&#8220; global_colors_info=&#8220;{}&#8220;][et_pb_row column_structure=&#8220;2_3,1_3&#8243; _builder_version=&#8220;4.10.6&#8243; background_color=&#8220;#ffffff&#8220; custom_margin=&#8220;-12px|||&#8220; global_colors_info=&#8220;{}&#8220;][et_pb_column type=&#8220;2_3&#8243; _builder_version=&#8220;3.25&#8243; custom_padding=&#8220;|||&#8220; global_colors_info=&#8220;{}&#8220; custom_padding__hover=&#8220;|||&#8220;][et_pb_text _builder_version=&#8220;3.27.4&#8243; custom_padding=&#8220;50px|||50px&#8220; global_colors_info=&#8220;{}&#8220;]<\/p>\n<h1>Wir stellen uns vor<\/h1>\n<p>[\/et_pb_text][et_pb_text _builder_version=&#8220;3.27.4&#8243; header_2_font_size=&#8220;20px&#8220; header_3_font_size=&#8220;18px&#8220; custom_padding=&#8220;|50px||50px&#8220; global_colors_info=&#8220;{}&#8220;]<\/p>\n<p>Ob es um den Auf- und Abbau des Hafens geht, die Reparatur oder Erneuerung von Schl\u00e4ngeln oder das auf Tiefe halten des Hafens, stets sind Vereinsmitglieder mit der Wahrnehmung dieser Aufgaben befasst. Seit vielen Jahrzehnten haben sich Mitglieder im Dienste der Gemeinschaft eingebracht und unseren Verein zu dem gemacht der er heute ist. Mit Fug und Recht d\u00fcrfen wir von einem wirtschaftlich gesunden Verein mit attraktiven M\u00f6glichkeiten sprechen.<span class=\"Apple-converted-space\">\u00a0 <\/span>Das pers\u00f6nliche Einbringen schafft das feste Fundament, das es uns erm\u00f6glicht unserer Passion des Wassersports zu \u00fcberschaubaren Konditionen nachgehen zu k\u00f6nnen. W\u00fcrden wir uns von diesem Solidarprinzip verabschieden und viele der nachstehenden Aufgaben von dritter Seite einkaufen, w\u00e4ren der derzeitige Rahmen der Mitgliedsbeitr\u00e4ge und Liegegeb\u00fchren nicht mehr haltbar. Manche einem w\u00fcrde m\u00f6glicherweise damit die Grundlage zum Betreiben des Wassersports entzogen.<span class=\"Apple-converted-space\">\u00a0 \u00a0<\/span><\/p>\n<p>Wir alle freuen <img loading=\"lazy\" decoding=\"async\" class=\"alignleft wp-image-424\" src=\"http:\/\/www.wsc-haseldorf.de\/wp-content\/uploads\/2018\/01\/Clubhaus-II-300x200.jpg\" alt=\"\" width=\"320\" height=\"217\" \/>uns \u00fcber einen \u00fcber den Winter general\u00fcberholten Steg oder den w\u00e4hrend der Saison regelm\u00e4\u00dfig gem\u00e4hten Rasen. Doch wer hinter dieser sowie vielen anderen Aufgaben steht, bleibt f\u00fcr viele Vereinsmitglieder im Dunkeln. Mit dieser Rubrik soll denjenigen, die schon heute mit Ihrer Schaffenskraft aktiv zum erfolgreichen Bestand unseres Vereines beitragen, eine Plattform geboten, auf der die \u00fcbernommenen Aufgaben erl\u00e4utert werden. Zudem wollen wir insbesondere neuen Vereinsmitgliedern die M\u00f6glichkeit geben, sich \u00fcber k\u00fcnftige T\u00e4tigkeitsfelder in der Vereinsgemeinschaft zu informieren und ihnen bei der Auswahl von zu \u00fcbernehmenden Diensten Hilfestellung leisten.<span class=\"Apple-converted-space\">\u00a0<\/span><\/p>\n<p>Dabei w\u00e4re es w\u00fcnschenswert, wenn es gerade bei neuen Mitgliedern nicht einer Aufforderung zum Mitmachen bed\u00fcrfe. Es geh\u00f6rt zum Selbstverst\u00e4ndnis des Vereins, seine Arbeitsleistung freiwillig anzubieten. Die Koordination der Arbeitsdienste erfolgt \u00fcber den 2. Vorsitzenden, Dieter Sellmann bzw. die jeweiligen Arbeitsgruppenleiter.<\/p>\n<h2>Vorstand des WSCHa<\/h2>\n<ul>\n<li>1. Vorsitzender<span class=\"Apple-converted-space\">\u00a0<\/span><\/li>\n<li>2. Vorsitzender<\/li>\n<li>Kassenwart<\/li>\n<li>Jugendwart<\/li>\n<\/ul>\n<h2>Feste Arbeitsgruppen<\/h2>\n<ul>\n<li>Festausschuss<\/li>\n<li>Hafenmeister<\/li>\n<li>Hallenwart<\/li>\n<li>Kassenpr\u00fcfer<\/li>\n<li>Kommunikationsteam<\/li>\n<li>Schlengel-Truppe<\/li>\n<li>Schleppertruppe<\/li>\n<li>Weitere Arbeitsdienste\n<ul>\n<li>Garten- und Landschaftspflege<span class=\"Apple-converted-space\">\u00a0<\/span><\/li>\n<li>Hafenauf- und Abbau<\/li>\n<\/ul>\n<\/li>\n<\/ul>\n<h3>1. Vorsitzender<\/h3>\n<p><strong>Volker Hauschildt<\/strong><\/p>\n<p>Volker nimmt das Amt des 1. Vorsitzenden seit xxxx war und wurde zuletzt mit der Jahreshauptversammlung vom 26.01.2018 best\u00e4tigt. <span class=\"Apple-converted-space\">\u00a0<\/span><\/p>\n<table cellspacing=\"0\" cellpadding=\"0\">\n<tbody>\n<tr>\n<td valign=\"middle\">\n<p><b>Erreichbarkeit<\/b><b> <span class=\"Apple-converted-space\">\u00a0 \u00a0 \u00a0<\/span><\/b><\/p>\n<\/td>\n<td valign=\"middle\">\u00a0<\/td>\n<\/tr>\n<tr>\n<td valign=\"middle\">\n<p>Telefon<\/p>\n<\/td>\n<td valign=\"middle\">\n<p>04129 \/ 231<\/p>\n<\/td>\n<\/tr>\n<tr>\n<td valign=\"middle\">\n<p>Email<\/p>\n<\/td>\n<td valign=\"middle\">\n<p>WSCHaseldorf@gmx.de<\/p>\n<\/td>\n<\/tr>\n<tr>\n<td valign=\"middle\">\n<p>Postanschrift<\/p>\n<\/td>\n<td valign=\"middle\">\n<p>Deichreihe 36<\/p>\n<\/td>\n<\/tr>\n<tr>\n<td valign=\"middle\">\u00a0<\/td>\n<td valign=\"middle\">\n<p>25489 Haseldorf<\/p>\n<\/td>\n<\/tr>\n<\/tbody>\n<\/table>\n<p>\u00a0<\/p>\n<h3>2. Vorsitzender<span class=\"Apple-converted-space\">\u00a0<\/span><\/h3>\n<p><span class=\"Apple-converted-space\">\u00a0<\/span><strong>Dieter Sellmann<\/strong><\/p>\n<p>Innerhalb des Vorstandes ist er f\u00fcr die Technik und das Beschaffungswesen zust\u00e4ndig.<\/p>\n<p>Die aktuelle Amtsperiode des 2. Vorsitzenden endet mit der Jahreshauptversammlung Anfang 2020. <span class=\"Apple-converted-space\">\u00a0<\/span><\/p>\n<table cellspacing=\"0\" cellpadding=\"0\">\n<tbody>\n<tr>\n<td valign=\"middle\">\n<p><b>Erreichbarkeit<\/b><b> <span class=\"Apple-converted-space\">\u00a0 \u00a0 \u00a0<\/span><\/b><\/p>\n<\/td>\n<td valign=\"middle\">\u00a0<\/td>\n<\/tr>\n<tr>\n<td valign=\"middle\">\n<p>Telefon<\/p>\n<\/td>\n<td valign=\"middle\">\n<p>04129 \/ 7 15<\/p>\n<\/td>\n<\/tr>\n<tr>\n<td valign=\"middle\">\n<p>Email<\/p>\n<\/td>\n<td valign=\"middle\">\n<p>sellmann-haseldorf@t-online.de<\/p>\n<\/td>\n<\/tr>\n<tr>\n<td valign=\"middle\">\n<p>Postanschrift<\/p>\n<\/td>\n<td valign=\"middle\">\n<p>Kamperrege 45<\/p>\n<\/td>\n<\/tr>\n<tr>\n<td valign=\"middle\">\u00a0<\/td>\n<td valign=\"middle\">\n<p>25489 Haseldorf<\/p>\n<\/td>\n<\/tr>\n<\/tbody>\n<\/table>\n<p>\u00a0<\/p>\n<h3>Kassenwart<\/h3>\n<p><strong>Tomas M\u00f6bius<\/strong><\/p>\n<p>Tomas wurde im Rahmend der Jahreshauptversammlung am<span class=\"Apple-converted-space\">\u00a0 <\/span>26. Januar 2018 zum Kassenwart gew\u00e4hlt. In seine verantwortungsvollen H\u00e4nde wurde die Aufgabe der ordnungsgem\u00e4\u00dfen Buchf\u00fchrung f\u00fcr unseren Verein gelegt.<span class=\"Apple-converted-space\">\u00a0<\/span><\/p>\n<table cellspacing=\"0\" cellpadding=\"0\">\n<tbody>\n<tr>\n<td valign=\"middle\">\n<p><b>Erreichbarkeit<\/b><b> <span class=\"Apple-converted-space\">\u00a0 \u00a0 \u00a0<\/span><\/b><\/p>\n<\/td>\n<td valign=\"middle\">\u00a0<\/td>\n<\/tr>\n<tr>\n<td valign=\"middle\">\n<p>Telefon<\/p>\n<\/td>\n<td valign=\"middle\">\n<p>04129 \/ 9569490<\/p>\n<\/td>\n<\/tr>\n<tr>\n<td valign=\"middle\">\n<p>Email<\/p>\n<\/td>\n<td valign=\"middle\">\n<p>tomas.moebius1@gmail.com<\/p>\n<\/td>\n<\/tr>\n<tr>\n<td valign=\"middle\">\n<p>Postanschrift<\/p>\n<\/td>\n<td valign=\"middle\">\n<p>In de Masch 9<\/p>\n<\/td>\n<\/tr>\n<tr>\n<td valign=\"middle\">\u00a0<\/td>\n<td valign=\"middle\">\n<p>25489 Haseldorf<\/p>\n<\/td>\n<\/tr>\n<\/tbody>\n<\/table>\n<p>\u00a0<\/p>\n<h3>Jugendwartin<\/h3>\n<p><strong>Monika Eisengarten<\/strong><\/p>\n<p>Monika begleitet als Ausbilderin die Jugendarbeit unseres Vereins bereits seit vielen Jahren mit sehr gro\u00dfem Engagement und ebensolchem zeitlichen Einsatz. Insoweit war der Schritt in das Amt des Jugendwartes anl\u00e4sslich der Jahreshauptversammlung 2018 nur ein logischer.<\/p>\n<table cellspacing=\"0\" cellpadding=\"0\">\n<tbody>\n<tr>\n<td valign=\"middle\">\n<p><b>Erreichbarkeit<\/b><b> <span class=\"Apple-converted-space\">\u00a0 \u00a0 \u00a0<\/span><\/b><\/p>\n<\/td>\n<td valign=\"middle\">\u00a0<\/td>\n<\/tr>\n<tr>\n<td valign=\"middle\">\n<p>Telefon<\/p>\n<\/td>\n<td valign=\"middle\">\n<p>04122 \/ 8 37 14<\/p>\n<\/td>\n<\/tr>\n<tr>\n<td valign=\"middle\">\n<p>Email<\/p>\n<\/td>\n<td valign=\"middle\">\n<p>monika.eisengarten@versanet.de<\/p>\n<\/td>\n<\/tr>\n<tr>\n<td valign=\"middle\">\n<p>Postanschrift<\/p>\n<\/td>\n<td valign=\"middle\">\n<p>Birkenhorst 18<\/p>\n<\/td>\n<\/tr>\n<tr>\n<td valign=\"middle\">\u00a0<\/td>\n<td valign=\"middle\">\n<p>25492 Heist<\/p>\n<\/td>\n<\/tr>\n<\/tbody>\n<\/table>\n<p>\u00a0<\/p>\n<h3>Schriftf\u00fchrer<\/h3>\n<p><strong>Ernst Rellenmann<\/strong><\/p>\n<p>Ernst genannt \u201eErnie\u201c meistert die Aufgabe des Schriftf\u00fchrers bereits seit vielen Jahren souver\u00e4n. Auf seinen Schultern liegt die Protokollarbeit sowie der Kontakt mit Beh\u00f6rden.<span class=\"Apple-converted-space\">\u00a0<\/span><\/p>\n<table cellspacing=\"0\" cellpadding=\"0\">\n<tbody>\n<tr>\n<td valign=\"middle\">\n<p><b>Erreichbarkeit<\/b><b> <span class=\"Apple-converted-space\">\u00a0 \u00a0 \u00a0<\/span><\/b><\/p>\n<\/td>\n<td valign=\"middle\">\u00a0<\/td>\n<\/tr>\n<tr>\n<td valign=\"middle\">\n<p>Telefon<\/p>\n<\/td>\n<td valign=\"middle\">\n<p>04821 \/ 82955<\/p>\n<\/td>\n<\/tr>\n<tr>\n<td valign=\"middle\">\n<p>Email<\/p>\n<\/td>\n<td valign=\"middle\">\n<p>ernstotto@rellensmann.de<\/p>\n<\/td>\n<\/tr>\n<tr>\n<td valign=\"middle\">\n<p>Postanschrift<\/p>\n<\/td>\n<td valign=\"middle\">\n<p>Dorfstra\u00dfe 11<span class=\"Apple-converted-space\">\u00a0<\/span><\/p>\n<\/td>\n<\/tr>\n<tr>\n<td valign=\"middle\">\u00a0<\/td>\n<td valign=\"middle\">\n<p>25569 Kremperheide<\/p>\n<\/td>\n<\/tr>\n<\/tbody>\n<\/table>\n<p>\u00a0<\/p>\n<h3>Festausschuss<\/h3>\n<p><strong>Brit M\u00f6bius, R\u00fcdiger Schade, Dirk Ro\u00dfkamp<\/strong><\/p>\n<p>Dirk Rosskamp; Claudia Rosskamp; R\u00fcdiger Schade; Brit M\u00f6bius; Thomas M\u00f6bius; Helmut Ehlers,\u00a0Elke Veit und Charlotte Howen<\/p>\n<p>Dem Festausschuss verdanken wir viele sehr gut organisierte und ausgerichtete Zusammenk\u00fcnfte, sei es der Neujahrs-Empfang, das An- und Absegeln oder der monatliche Kl\u00f6nschnack. Der Festausschuss hat mit viel Ideenreichtum stets das leibliche Wohl unserer Mitglieder im Fokus und erh\u00e4lt hierf\u00fcr regelm\u00e4\u00dfig hohe Anerkennung.<span class=\"Apple-converted-space\">\u00a0<\/span><\/p>\n<p>\u00a0<\/p>\n<h3>Hafenmeister<\/h3>\n<p><strong>Jens Ibing Bruno Klapp,\u00a0Heiner Koopmann<\/strong><\/p>\n<table cellspacing=\"0\" cellpadding=\"0\">\n<tbody>\n<tr>\n<td valign=\"middle\">\n<p><b>Erreichbarkeit<\/b><b> <span class=\"Apple-converted-space\">\u00a0 \u00a0 \u00a0<\/span><\/b><\/p>\n<\/td>\n<td valign=\"middle\">\u00a0<\/td>\n<\/tr>\n<tr>\n<td valign=\"middle\">\n<p>Telefon<\/p>\n<\/td>\n<td valign=\"middle\">\n<p>0162 \/ 8859020<\/p>\n<\/td>\n<\/tr>\n<\/tbody>\n<\/table>\n<p>\u00a0<\/p>\n<h3>Hallenwart<\/h3>\n<p><strong>Werner M\u00fchlmeister<\/strong><\/p>\n<p>In seinen Verantwortungsbereich f\u00e4llt die Erhaltung unserer vereinseigenen Hallen sowie die Vergabe von Hallenliegepl\u00e4tzen. Jahr f\u00fcr Jahr schafft Werner immer wieder das Kunstst\u00fcck, die W\u00fcnsche der Mitglieder nach einem Hallenliegeplatz \u00fcber den Winter zu befriedigen.<span class=\"Apple-converted-space\">\u00a0<\/span><\/p>\n<table cellspacing=\"0\" cellpadding=\"0\">\n<tbody>\n<tr>\n<td valign=\"middle\"><b>Erreichbarkeit<\/b><\/td>\n<td valign=\"middle\">\u00a0<\/td>\n<\/tr>\n<tr>\n<td valign=\"middle\">\n<p>Telefon<\/p>\n<\/td>\n<td valign=\"middle\">\n<p>0 41 22 \/ 8 31 57<\/p>\n<\/td>\n<\/tr>\n<tr>\n<td valign=\"middle\">\n<p>Email<\/p>\n<\/td>\n<td valign=\"middle\">\n<p>Werner.Muehlmeister@T-Online.de<\/p>\n<\/td>\n<\/tr>\n<tr>\n<td valign=\"middle\">\n<p>Postanschrift<\/p>\n<\/td>\n<td valign=\"middle\">\n<p>Kl\u00f6terbarg 7<\/p>\n<\/td>\n<\/tr>\n<tr>\n<td valign=\"middle\">\u00a0<\/td>\n<td valign=\"middle\">\u00a0<\/td>\n<\/tr>\n<\/tbody>\n<\/table>\n<p>\u00a0<\/p>\n<h3>Kassenpr\u00fcfer<\/h3>\n<p>Die beiden Kassenpr\u00fcfer werden jeweils f\u00fcr zwei Jahre gew\u00e4hlt. Die Wahl erfolgt dergestalt, dass zeitlich versetzt gew\u00e4hlt wird, d.h. In jedem Jahr wird jeweils ein Kassenpr\u00fcfer anl\u00e4sslich der Jahreshauptversammlung gew\u00e4hlt, der dann zwei Jahre im Amt ist. F\u00fcr 2018 wurde als<span class=\"Apple-converted-space\">\u00a0<\/span><\/p>\n<p><strong>1. Kassenpr\u00fcfer Alfred Schley<\/strong><\/p>\n<p>und als<\/p>\n<p><strong>Beisitzer Dirk Rosskamp<span class=\"Apple-converted-space\">\u00a0<\/span><\/strong><\/p>\n<p>gew\u00e4hlt.<\/p>\n<p>\u00a0<\/p>\n<h3>Das Kommunikationsteam<\/h3>\n<p><strong>Alfred Schley <span class=\"Apple-converted-space\">\u00a0<\/span>(Foto und Film), \u00a0Sascha K\u00fcchler <span class=\"Apple-converted-space\">\u00a0<\/span>(Technik), \u00a0Ralph Ollig\u00a0(Redaktion)<\/strong><\/p>\n<p>Unsere Aufgabenstellung besteht darin, die elektronische Kommunikation innerhalb des Vereins sicherzustellen. Die \u00dcberarbeitung des Webauftritts haben wir uns f\u00fcr 2018 als gro\u00dfes Projekt vorgenommen.<span class=\"Apple-converted-space\">\u00a0<\/span><\/p>\n<p><b>Wir suchen noch<\/b> Mitglieder die sich mit eigenen Artikeln oder Stellungnahmen einbringen oder uns bei der technischen Ausgestaltung unseres Web-Auftritts zur Seite stehen m\u00f6chten.<span class=\"Apple-converted-space\">\u00a0<\/span><\/p>\n<table cellspacing=\"0\" cellpadding=\"0\">\n<tbody>\n<tr>\n<td valign=\"middle\">\n<p><b>Erreichbarkeit<\/b><b> <span class=\"Apple-converted-space\">\u00a0 \u00a0 \u00a0<\/span><\/b><\/p>\n<\/td>\n<td valign=\"middle\">\u00a0<\/td>\n<\/tr>\n<tr>\n<td valign=\"middle\">\n<p>Telefon<\/p>\n<\/td>\n<td valign=\"middle\">\n<p>0151 \/ 18 19 55 47<\/p>\n<\/td>\n<\/tr>\n<tr>\n<td valign=\"middle\">\n<p>Email<\/p>\n<\/td>\n<td valign=\"middle\">\n<p>News@WSC-Haseldorf.de<\/p>\n<\/td>\n<\/tr>\n<\/tbody>\n<\/table>\n<p>\u00a0<\/p>\n<h3>Die Schlengeltruppe<\/h3>\n<p>Die Mitglieder der Schlengeltruppe<\/p>\n<p><strong>Alfred Holtorf<span class=\"Apple-converted-space\">\u00a0 <\/span><\/strong><\/p>\n<p>Die Arbeiten der Schlengeltruppe werden meist mit dem Errichten des Hafens im Fr\u00fchjahr sichtbar. Die bootsfreie Zeit nutzt das Team um Alfred Holtorf regelm\u00e4\u00dfig, um w\u00e4hrend der Saison entstandene Sch\u00e4den an den Steganlagen zu beseitigen und Erhaltungsarbeiten auszuf\u00fchren. Doch auch der Bau ganzer Stege ist f\u00fcr dieses handwerklich \u00e4u\u00dferst geschickte Team kein Hexenwerk.<span class=\"Apple-converted-space\">\u00a0<\/span><\/p>\n<table cellspacing=\"0\" cellpadding=\"0\">\n<tbody>\n<tr>\n<td valign=\"middle\">\n<p><b>Erreichbarkeit<\/b><b> <span class=\"Apple-converted-space\">\u00a0 \u00a0 \u00a0<\/span><\/b><\/p>\n<\/td>\n<td valign=\"middle\">\u00a0<\/td>\n<\/tr>\n<tr>\n<td valign=\"middle\">\n<p>Telefon<\/p>\n<\/td>\n<td valign=\"middle\">\n<p>04122 \/ XXXXXXX<\/p>\n<\/td>\n<\/tr>\n<tr>\n<td valign=\"middle\">\n<p>Email<\/p>\n<\/td>\n<td valign=\"middle\">\n<p>a.holtorf@me.com<\/p>\n<\/td>\n<\/tr>\n<\/tbody>\n<\/table>\n<p>\u00a0<\/p>\n<h3>Die Schleppertruppe genannt die \u201eSchlickrutscher\u201c<\/h3>\n<p><strong>Reno Krohn,\u00a0Danny Podeus,\u00a0Otto Schuldt,\u00a0Alfred Schley<\/strong><\/p>\n<p>Die sich mit jeder Tide ablagernden Sedimente machen auch vor unserem Hafen nicht Halt. W\u00fcrden nicht regelm\u00e4\u00dfig mit unserem Arbeitsboot \u201eBig Foot\u201c der Hafen vom Schick befreit, w\u00e4re sehr schnell ein Befahren unseres Hafens<span class=\"Apple-converted-space\">\u00a0<\/span>mit normal tiefgehenden Booten nicht mehr m\u00f6glich.<span class=\"Apple-converted-space\">\u00a0<\/span><\/p>\n<p>Bereits im Februar bei Schnee und Eis startet daher das Team mit den Arbeiten im noch nicht ausger\u00fcsteten Hafen. Der durch den Schlepper aufgewirbelte Schlick wird mit ablaufendem Wasser der Elbe zur\u00fcckgegeben. Rechtzeitig zum Hafenaufbau verf\u00fcgt der Hafen dann \u00fcber die f\u00fcr den Bootsbetrieb n\u00f6tige Tiefe. Das sogenannte Sp\u00fclen wird in Abstimmung mit den Naturschutzbeh\u00f6rden auch in der Sommersaison im aufgebauten Hafen vollzogen.<span class=\"Apple-converted-space\">\u00a0 \u00a0<\/span><\/p>\n<p>Wer hat die Leitung\/Koordination inne?<\/p>\n<p>\u00a0<\/p>\n<h3>Weitere Arbeitsdienste<\/h3>\n<p>Garten- und Landschaftspflege<\/p>\n<p><strong>Helge Hagedorn\u00a0(Rasenm\u00e4hen), Vorname Name ( ??? ), Alfred Schley\u00a0(Baumschneidearbeiten)<\/strong><\/p>\n<p>Unsere Liegenschaften am Hafen sowie um unsere Hallen herum bed\u00fcrfen regelm\u00e4\u00dfiger Pflege. Vom Rasenschnitt bis zum Setzen und Schneiden der B\u00e4ume werden diese Leistungen durch Vereinsmitglieder ausgef\u00fchrt.<\/p>\n<h3>Hafenauf- und Abbau<\/h3>\n<p><strong>Wilfried Hagedorn<\/strong><\/p>\n<p>Unter der Leitung von Wilfried Hagedorn trifft sich zweimal im Jahr die eine Gemeinschaft von ca. 60 geladenen Vereinsmitgliedern, die sich den termingerechten Auf- bzw. Abbau des Hafens zur Aufgabe gesetzt haben. Das eingespielte Team schafft diese Aufgabe mit Unterst\u00fctzung von leichtem und schwerem Ger\u00e4t innerhalb immer wieder \u00fcberraschend z\u00fcgiger Zeiten. <span class=\"Apple-converted-space\">\u00a0<\/span><\/p>\n<p>Die Einladung zum Hafenauf- und -abbau wird vom 2. Vorsitzenden ausgesprochen.<span class=\"Apple-converted-space\">\u00a0<\/span><\/p>\n<table cellspacing=\"0\" cellpadding=\"0\">\n<tbody>\n<tr>\n<td valign=\"middle\">\n<p><b>Erreichbarkeit<\/b><b> <span class=\"Apple-converted-space\">\u00a0 \u00a0 \u00a0<\/span><\/b><\/p>\n<\/td>\n<td valign=\"middle\">\u00a0<\/td>\n<\/tr>\n<tr>\n<td valign=\"middle\">\n<p>Telefon<\/p>\n<\/td>\n<td valign=\"middle\">\n<p>04129 \/ 7 15<\/p>\n<\/td>\n<\/tr>\n<tr>\n<td valign=\"middle\">\n<p>Email<\/p>\n<\/td>\n<td valign=\"middle\">\n<p>sellmann-haseldorf@t-online.de<\/p>\n<\/td>\n<\/tr>\n<tr>\n<td valign=\"middle\">\n<p>Postanschrift<\/p>\n<\/td>\n<td valign=\"middle\">\n<p>Kamperrege 45<\/p>\n<\/td>\n<\/tr>\n<tr>\n<td valign=\"middle\">\u00a0<\/td>\n<td valign=\"middle\">\n<p>25489 Haseldorf<\/p>\n<\/td>\n<\/tr>\n<\/tbody>\n<\/table>\n<p>\u00a0<\/p>\n<p>[\/et_pb_text][et_pb_divider show_divider=&#8220;off&#8220; _builder_version=&#8220;3.2&#8243; height=&#8220;100px&#8220; global_colors_info=&#8220;{}&#8220;][\/et_pb_divider][\/et_pb_column][et_pb_column type=&#8220;1_3&#8243; _builder_version=&#8220;3.25&#8243; custom_padding=&#8220;|||&#8220; global_colors_info=&#8220;{}&#8220; custom_padding__hover=&#8220;|||&#8220;][et_pb_sidebar area=&#8220;et_pb_widget_area_4&#8243; show_border=&#8220;off&#8220; _builder_version=&#8220;3.0.95&#8243; header_font=&#8220;Archivo|600|||||||&#8220; header_text_color=&#8220;#134ba5&#8243; header_font_size=&#8220;16&#8243; body_font=&#8220;Asap Condensed||||||||&#8220; body_text_color=&#8220;rgba(0,0,0,0.75)&#8220; background_color_gradient_direction=&#8220;270deg&#8220; max_width=&#8220;80%&#8220; module_alignment=&#8220;center&#8220; custom_margin=&#8220;50px|||&#8220; custom_padding=&#8220;20px|||20px&#8220; border_color_left=&#8220;#e02b20&#8243; box_shadow_style=&#8220;preset2&#8243; box_shadow_horizontal=&#8220;3px&#8220; box_shadow_vertical=&#8220;0px&#8220; box_shadow_blur=&#8220;10px&#8220; global_colors_info=&#8220;{}&#8220;][\/et_pb_sidebar][et_pb_sidebar area=&#8220;et_pb_widget_area_1&#8243; _builder_version=&#8220;3.0.95&#8243; header_font=&#8220;Archivo|600|||||||&#8220; header_text_color=&#8220;#134ba5&#8243; header_font_size=&#8220;16&#8243; body_font=&#8220;Asap Condensed||||||||&#8220; body_text_color=&#8220;rgba(0,0,0,0.75)&#8220; background_color_gradient_direction=&#8220;270deg&#8220; max_width=&#8220;80%&#8220; module_alignment=&#8220;center&#8220; custom_padding=&#8220;20px|||20px&#8220; border_color_left=&#8220;#e02b20&#8243; box_shadow_style=&#8220;preset2&#8243; box_shadow_horizontal=&#8220;3px&#8220; box_shadow_vertical=&#8220;0px&#8220; box_shadow_blur=&#8220;10px&#8220; global_colors_info=&#8220;{}&#8220;][\/et_pb_sidebar][et_pb_sidebar area=&#8220;et_pb_widget_area_3&#8243; show_border=&#8220;off&#8220; _builder_version=&#8220;3.0.95&#8243; header_font=&#8220;Archivo|600|||||||&#8220; header_text_color=&#8220;#134ba5&#8243; header_font_size=&#8220;17&#8243; body_font=&#8220;Asap Condensed||||||||&#8220; body_text_color=&#8220;rgba(0,0,0,0.75)&#8220; background_color_gradient_direction=&#8220;270deg&#8220; max_width=&#8220;80%&#8220; module_alignment=&#8220;center&#8220; custom_padding=&#8220;20px|||20px&#8220; border_color_left=&#8220;#e02b20&#8243; box_shadow_style=&#8220;preset2&#8243; box_shadow_horizontal=&#8220;3px&#8220; box_shadow_vertical=&#8220;0px&#8220; box_shadow_blur=&#8220;10px&#8220; global_colors_info=&#8220;{}&#8220;][\/et_pb_sidebar][et_pb_sidebar area=&#8220;et_pb_widget_area_5&#8243; show_border=&#8220;off&#8220; _builder_version=&#8220;3.0.95&#8243; header_font=&#8220;Archivo|600|||||||&#8220; header_text_color=&#8220;#134ba5&#8243; header_font_size=&#8220;17&#8243; body_font=&#8220;Asap Condensed||||||||&#8220; body_text_color=&#8220;rgba(0,0,0,0.75)&#8220; background_color_gradient_direction=&#8220;270deg&#8220; max_width=&#8220;80%&#8220; module_alignment=&#8220;center&#8220; custom_padding=&#8220;20px|||20px&#8220; border_color_left=&#8220;#e02b20&#8243; box_shadow_style=&#8220;preset2&#8243; box_shadow_horizontal=&#8220;3px&#8220; box_shadow_vertical=&#8220;0px&#8220; box_shadow_blur=&#8220;10px&#8220; global_colors_info=&#8220;{}&#8220;][\/et_pb_sidebar][et_pb_sidebar area=&#8220;et_pb_widget_area_6&#8243; show_border=&#8220;off&#8220; _builder_version=&#8220;3.0.95&#8243; header_font=&#8220;Archivo|600|||||||&#8220; header_text_color=&#8220;#134ba5&#8243; header_font_size=&#8220;17&#8243; body_font=&#8220;Asap Condensed||||||||&#8220; body_text_color=&#8220;rgba(0,0,0,0.75)&#8220; background_color_gradient_direction=&#8220;270deg&#8220; max_width=&#8220;80%&#8220; module_alignment=&#8220;center&#8220; custom_padding=&#8220;20px|||20px&#8220; border_color_left=&#8220;#e02b20&#8243; box_shadow_style=&#8220;preset2&#8243; box_shadow_horizontal=&#8220;3px&#8220; box_shadow_vertical=&#8220;0px&#8220; box_shadow_blur=&#8220;10px&#8220; global_colors_info=&#8220;{}&#8220;][\/et_pb_sidebar][\/et_pb_column][\/et_pb_row][\/et_pb_section]<\/p>\n","protected":false},"excerpt":{"rendered":"<p><div id=\"mtphr-dnt-1023\" class=\"mtphr-dnt mtphr-dnt-1023 mtphr-dnt-mixed mtphr-dnt-scroll mtphr-dnt-scroll-left\"><div class=\"mtphr-dnt-wrapper mtphr-dnt-clearfix\"><div class=\"mtphr-dnt-tick-container\"><div class=\"mtphr-dnt-tick-contents\"><div class=\"mtphr-dnt-tick mtphr-dnt-default-tick mtphr-dnt-clearfix \">+ + + Gr\u00fcnkohlessen am 22.02.2019 um 19.00 Uhr im J\u00e4gerkrug  + + +  Treffen zum Hafenaufbau am 13.04.2019 um 07.00 Uhr + + +<\/div><\/div><\/div><\/div><\/div> Wir stellen uns vor Ob es um den Auf- und Abbau des Hafens geht, die Reparatur oder Erneuerung von Schl\u00e4ngeln oder das auf Tiefe halten des Hafens, stets sind Vereinsmitglieder mit der Wahrnehmung dieser Aufgaben befasst. Seit vielen Jahrzehnten haben sich Mitglieder im Dienste der Gemeinschaft eingebracht und unseren Verein zu dem gemacht [&hellip;]<\/p>\n","protected":false},"author":1,"featured_media":0,"parent":0,"menu_order":0,"comment_status":"closed","ping_status":"closed","template":"","meta":{"_et_pb_use_builder":"on","_et_pb_old_content":"","_et_gb_content_width":"","footnotes":""},"class_list":["post-197","page","type-page","status-publish","hentry"],"_links":{"self":[{"href":"https:\/\/www.wsc-haseldorf.de\/index.php?rest_route=\/wp\/v2\/pages\/197","targetHints":{"allow":["GET"]}}],"collection":[{"href":"https:\/\/www.wsc-haseldorf.de\/index.php?rest_route=\/wp\/v2\/pages"}],"about":[{"href":"https:\/\/www.wsc-haseldorf.de\/index.php?rest_route=\/wp\/v2\/types\/page"}],"author":[{"embeddable":true,"href":"https:\/\/www.wsc-haseldorf.de\/index.php?rest_route=\/wp\/v2\/users\/1"}],"replies":[{"embeddable":true,"href":"https:\/\/www.wsc-haseldorf.de\/index.php?rest_route=%2Fwp%2Fv2%2Fcomments&post=197"}],"version-history":[{"count":44,"href":"https:\/\/www.wsc-haseldorf.de\/index.php?rest_route=\/wp\/v2\/pages\/197\/revisions"}],"predecessor-version":[{"id":1296,"href":"https:\/\/www.wsc-haseldorf.de\/index.php?rest_route=\/wp\/v2\/pages\/197\/revisions\/1296"}],"wp:attachment":[{"href":"https:\/\/www.wsc-haseldorf.de\/index.php?rest_route=%2Fwp%2Fv2%2Fmedia&parent=197"}],"curies":[{"name":"wp","href":"https:\/\/api.w.org\/{rel}","templated":true}]}}