{"id":465,"date":"2018-03-19T17:22:26","date_gmt":"2018-03-19T17:22:26","guid":{"rendered":"http:\/\/entwicklung.he-internet.de\/wp_wsch\/?page_id=465"},"modified":"2019-01-21T16:28:33","modified_gmt":"2019-01-21T16:28:33","slug":"anfahrt-von-land","status":"publish","type":"page","link":"https:\/\/www.wsc-haseldorf.de\/?page_id=465","title":{"rendered":"Anfahrt von Land"},"content":{"rendered":"<p>[et_pb_section bb_built=&#8220;1&#8243; _builder_version=&#8220;3.0.95&#8243; background_color=&#8220;#ffffff&#8220; next_background_color=&#8220;rgba(255,255,255,0)&#8220;][et_pb_row _builder_version=&#8220;3.0.95&#8243; background_color=&#8220;rgba(255,255,255,0)&#8220;][et_pb_column type=&#8220;4_4&#8243;][et_pb_image src=&#8220;http:\/\/www.wsc-haseldorf.de\/wp-content\/uploads\/2018\/01\/slider-Hafen-Haseldorf.jpg&#8220; align=&#8220;center&#8220; _builder_version=&#8220;3.0.95&#8243; custom_padding=&#8220;-10px|||&#8220;]<\/p>\n<p>[\/et_pb_image][\/et_pb_column][\/et_pb_row][\/et_pb_section][et_pb_section bb_built=&#8220;1&#8243; _builder_version=&#8220;3.0.95&#8243; background_color=&#8220;rgba(255,255,255,0)&#8220; prev_background_color=&#8220;#ffffff&#8220;][et_pb_row custom_margin=&#8220;-11px|||&#8220; _builder_version=&#8220;3.0.95&#8243; background_color=&#8220;#ffffff&#8220;][et_pb_column type=&#8220;2_3&#8243;][et_pb_text _builder_version=&#8220;3.0.95&#8243; text_font=&#8220;Archivo||||||||&#8220; custom_padding=&#8220;50px|||50px&#8220;]<\/p>\n<h1>Anfahrt von Land<\/h1>\n<p>[\/et_pb_text][et_pb_text _builder_version=&#8220;3.19.4&#8243; custom_padding=&#8220;|50px||50px&#8220;]<\/p>\n<p>Auf dem Landweg erreichen sie unseren Hafen am bequemsten mit dem PKW. Auf\u00a0dem Hafenvorplatz steht eine gro\u00dfe Anzahl an kostenfreien Parkpl\u00e4tzen f\u00fcr Besucher\u00a0zur Verf\u00fcgung.<\/p>\n<p>Die Adresse lautet:\u00a0Hafenstra\u00dfe 2, 25489 Haseldorf.<\/p>\n<p>[\/et_pb_text][et_pb_image _builder_version=&#8220;3.19.4&#8243; src=&#8220;http:\/\/www.wsc-haseldorf.de\/wp-content\/uploads\/2019\/01\/\u00d6ffentlich_Unser-Hafen_Hafenkarte-schematisch2019-01-17.jpg&#8220; custom_margin=&#8220;|||50px&#8220; show_in_lightbox=&#8220;on&#8220; \/][\/et_pb_column][et_pb_column type=&#8220;1_3&#8243;][et_pb_image src=&#8220;http:\/\/www.wsc-haseldorf.de\/wp-content\/uploads\/2018\/12\/anfahrt-land_0824.jpg&#8220; show_in_lightbox=&#8220;on&#8220; _builder_version=&#8220;3.18.7&#8243; custom_padding=&#8220;100px|50px||&#8220; animation_style=&#8220;slide&#8220;]<\/p>\n<p>[\/et_pb_image][et_pb_image src=&#8220;http:\/\/www.wsc-haseldorf.de\/wp-content\/uploads\/2018\/01\/haus_Haseldorf.jpg&#8220; show_in_lightbox=&#8220;on&#8220; _builder_version=&#8220;3.18.7&#8243; custom_padding=&#8220;|50px||&#8220; animation_style=&#8220;slide&#8220;]<\/p>\n<p>[\/et_pb_image][et_pb_image src=&#8220;http:\/\/www.wsc-haseldorf.de\/wp-content\/uploads\/2018\/12\/anfahrt-land_0794.jpg&#8220; show_in_lightbox=&#8220;on&#8220; _builder_version=&#8220;3.18.7&#8243; custom_padding=&#8220;|50px||&#8220; animation_style=&#8220;slide&#8220;]<\/p>\n<p>[\/et_pb_image][et_pb_divider show_divider=&#8220;off&#8220; height=&#8220;50px&#8220; _builder_version=&#8220;3.17.6&#8243;]<\/p>\n<p>[\/et_pb_divider][\/et_pb_column][\/et_pb_row][\/et_pb_section]<\/p>\n","protected":false},"excerpt":{"rendered":"<p>Anfahrt von Land Auf dem Landweg erreichen sie unseren Hafen am bequemsten mit dem PKW. Auf\u00a0dem Hafenvorplatz steht eine gro\u00dfe Anzahl an kostenfreien Parkpl\u00e4tzen f\u00fcr Besucher\u00a0zur Verf\u00fcgung. Die Adresse lautet:\u00a0Hafenstra\u00dfe 2, 25489 Haseldorf.<\/p>\n","protected":false},"author":1,"featured_media":0,"parent":0,"menu_order":0,"comment_status":"closed","ping_status":"closed","template":"","meta":{"_et_pb_use_builder":"on","_et_pb_old_content":"","_et_gb_content_width":"","footnotes":""},"class_list":["post-465","page","type-page","status-publish","hentry"],"_links":{"self":[{"href":"https:\/\/www.wsc-haseldorf.de\/index.php?rest_route=\/wp\/v2\/pages\/465","targetHints":{"allow":["GET"]}}],"collection":[{"href":"https:\/\/www.wsc-haseldorf.de\/index.php?rest_route=\/wp\/v2\/pages"}],"about":[{"href":"https:\/\/www.wsc-haseldorf.de\/index.php?rest_route=\/wp\/v2\/types\/page"}],"author":[{"embeddable":true,"href":"https:\/\/www.wsc-haseldorf.de\/index.php?rest_route=\/wp\/v2\/users\/1"}],"replies":[{"embeddable":true,"href":"https:\/\/www.wsc-haseldorf.de\/index.php?rest_route=%2Fwp%2Fv2%2Fcomments&post=465"}],"version-history":[{"count":16,"href":"https:\/\/www.wsc-haseldorf.de\/index.php?rest_route=\/wp\/v2\/pages\/465\/revisions"}],"predecessor-version":[{"id":705,"href":"https:\/\/www.wsc-haseldorf.de\/index.php?rest_route=\/wp\/v2\/pages\/465\/revisions\/705"}],"wp:attachment":[{"href":"https:\/\/www.wsc-haseldorf.de\/index.php?rest_route=%2Fwp%2Fv2%2Fmedia&parent=465"}],"curies":[{"name":"wp","href":"https:\/\/api.w.org\/{rel}","templated":true}]}}