{"id":490,"date":"2018-03-20T10:13:13","date_gmt":"2018-03-20T10:13:13","guid":{"rendered":"http:\/\/entwicklung.he-internet.de\/wp_wsch\/?page_id=490"},"modified":"2025-09-26T13:48:30","modified_gmt":"2025-09-26T13:48:30","slug":"hafenmeister","status":"publish","type":"page","link":"https:\/\/www.wsc-haseldorf.de\/?page_id=490","title":{"rendered":"Organisation und Geb\u00fchren"},"content":{"rendered":"<p>[et_pb_section fb_built=&#8220;1&#8243; _builder_version=&#8220;4.16&#8243; background_color=&#8220;#ffffff&#8220; global_colors_info=&#8220;{}&#8220;][et_pb_row _builder_version=&#8220;4.16&#8243; background_color=&#8220;rgba(255,255,255,0)&#8220; global_colors_info=&#8220;{}&#8220;][et_pb_column type=&#8220;4_4&#8243; _builder_version=&#8220;4.16&#8243; custom_padding=&#8220;|||&#8220; global_colors_info=&#8220;{}&#8220; custom_padding__hover=&#8220;|||&#8220;][et_pb_image src=&#8220;http:\/\/www.wsc-haseldorf.de\/wp-content\/uploads\/2018\/01\/slider-Hafen-Haseldorf.jpg&#8220; align=&#8220;center&#8220; align_tablet=&#8220;center&#8220; align_phone=&#8220;&#8220; align_last_edited=&#8220;on|desktop&#8220; _builder_version=&#8220;4.16&#8243; custom_padding=&#8220;-10px|||&#8220; global_colors_info=&#8220;{}&#8220;]<br \/>\n[\/et_pb_image][\/et_pb_column][\/et_pb_row][et_pb_row column_structure=&#8220;2_3,1_3&#8243; _builder_version=&#8220;4.16&#8243; background_color=&#8220;#ffffff&#8220; custom_margin=&#8220;-11px|||&#8220; global_colors_info=&#8220;{}&#8220;][et_pb_column type=&#8220;2_3&#8243; _builder_version=&#8220;4.16&#8243; custom_padding=&#8220;|||&#8220; global_colors_info=&#8220;{}&#8220; custom_padding__hover=&#8220;|||&#8220;][et_pb_text _builder_version=&#8220;4.16&#8243; text_font=&#8220;Archivo||||||||&#8220; custom_padding=&#8220;50px|||50px&#8220; global_colors_info=&#8220;{}&#8220;]<\/p>\n<h1>Organisation und Geb\u00fchren<\/h1>\n<p>[\/et_pb_text][et_pb_text _builder_version=&#8220;4.20.4&#8243; header_2_font_size=&#8220;20px&#8220; custom_padding=&#8220;|50px||50px&#8220; global_colors_info=&#8220;{}&#8220;]<\/p>\n<h2>Unsere Hafenmeister<\/h2>\n<p>Sie sind Ansprechpartner und Gespr\u00e4chspartner f\u00fcr die Hafenlieger, G\u00e4ste und Vereinsmitglieder und beantworten viele Fragen.<\/p>\n<p>Die Hafenmeister im WSCHa sind ehrenamtlich und ohne Aufwandsentsch\u00e4digung t\u00e4tig und leisten in der Saison (April bis Oktober) ca. 60 \u2013 70 Stunden und mehr im Monat Hafendienst. Daneben meldet sich das Hafentelefon t\u00e4glich von morgens bis abends. Deshalb gilt es zwischen der Hilfs- und Einsatzbereitschaft des Hafenmeisters und der Begrenzung des Zeit- und Arbeitsaufwands eine ausgewogene Balance zu finden und um Verst\u00e4ndnis daf\u00fcr zu werben, dass der Hafenmeister nur ehrenamtlich t\u00e4tig ist, die Inanspruchnahme seiner Dienste auch Grenzen hat, er nicht immer \u201eM\u00e4dchen f\u00fcr alles\u201c sein kann. Eine Unterst\u00fctzung durch Vereinsmitglieder und Vorstand wird gern angenommen, damit die zu bew\u00e4ltigenden Aufgaben nicht zu einem Vollzeitjob ausufern.<\/p>\n<p>Sollte der Hafenmeister nicht vor Ort sein, stehen am Hafenmeisterhaus Briefumschl\u00e4ge f\u00fcr die Zahlung des Hafengeldes zur Verf\u00fcgung. Den Briefumschlag bitte in den gekennzeichneten Briefschlitz werfen.<\/p>\n<p>Der Hafenmeister ist\u00a0 telefonisch unter <strong>0162 \/ 8859020<\/strong> erreichbar.<\/p>\n<p>&nbsp;<\/p>\n<h2>Freie Liegepl\u00e4tze<\/h2>\n<p>Freie Pl\u00e4tze f\u00fcr Tageslieger sind mit einer gr\u00fcnen Tafel gekennzeichnet. Den Anweisungen des Hafenmeisters ist zu folgen.<\/p>\n<p>&nbsp;<\/p>\n<h2>Nutzung der Slipbahn<\/h2>\n<p>Der Verein verf\u00fcgt \u00fcber eine Slipbahn, die durch eine Kette vor unberechtigter Nutzung gesch\u00fctzt ist. Bei Bedarf bitte beim Hafenmeister melden. Die Nutzung der Slipbahn erfolgt auf eigene Gefahr\u00a0und ist mit einer Nutzungsgeb\u00fchr verbunden.<\/p>\n<p>&nbsp;<\/p>\n<h2>Liegegeb\u00fchren und Slipgeb\u00fchren<\/h2>\n<p><strong>Liegegeb\u00fchren f\u00fcr unsere Tagesg\u00e4ste<\/strong><\/p>\n<table width=\"436\" cellspacing=\"0\" cellpadding=\"0\">\n<tbody>\n<tr>\n<td style=\"width: 289.390625px;\" valign=\"top\"><span style=\"text-decoration: underline;\"><b>Boote (L\u00e4nge)<\/b><\/span><\/td>\n<td style=\"width: 221.09375px;\" valign=\"top\">\n<p style=\"text-align: center;\"><span style=\"text-decoration: underline;\"><b>Pro Nacht (Euro)<\/b><\/span><\/p>\n<\/td>\n<\/tr>\n<tr>\n<td style=\"width: 289.390625px;\" valign=\"top\">bis 6,0 m<\/td>\n<td style=\"width: 221.09375px;\" valign=\"top\">\n<p style=\"text-align: center;\">7,00<\/p>\n<\/td>\n<\/tr>\n<tr>\n<td style=\"width: 289.390625px;\" valign=\"top\">ab 6,0 m<\/td>\n<td style=\"text-align: center; width: 221.09375px;\" valign=\"top\">8,00<\/td>\n<\/tr>\n<tr>\n<td style=\"width: 289.390625px;\" valign=\"top\">ab 7,0 m<\/td>\n<td style=\"text-align: center; width: 221.09375px;\" valign=\"top\">9,00<\/td>\n<\/tr>\n<tr>\n<td style=\"width: 289.390625px;\" valign=\"top\">ab 8,0 m<\/td>\n<td style=\"text-align: center; width: 221.09375px;\" valign=\"top\">10,00<\/td>\n<\/tr>\n<tr>\n<td style=\"width: 289.390625px;\" valign=\"top\">ab 9,0 m<\/td>\n<td style=\"width: 221.09375px;\" valign=\"top\">\n<p style=\"text-align: center;\">11,00<\/p>\n<\/td>\n<\/tr>\n<tr>\n<td style=\"width: 289.390625px;\" valign=\"top\">ab 10,0 m<\/td>\n<td style=\"width: 221.09375px;\" valign=\"top\">\n<p style=\"text-align: center;\">12,00<\/p>\n<\/td>\n<\/tr>\n<tr>\n<td style=\"width: 289.390625px;\" valign=\"top\">ab 11,0 m<\/td>\n<td style=\"width: 221.09375px;\" valign=\"top\">\n<p style=\"text-align: center;\">13,00<\/p>\n<\/td>\n<\/tr>\n<tr>\n<td style=\"width: 289.390625px;\" valign=\"top\">\u00fcber 12,0 m L\u00e4nge pro<br \/>angefangener\u00a0Meter plus<\/td>\n<td style=\"width: 221.09375px;\" valign=\"top\">\n<p style=\"text-align: center;\">\u00a0 1,50<\/p>\n<\/td>\n<\/tr>\n<\/tbody>\n<\/table>\n<p>&nbsp;<\/p>\n<table width=\"436\" cellspacing=\"0\" cellpadding=\"0\">\n<tbody>\n<tr>\n<td valign=\"top\">Jugendkutter<\/td>\n<td valign=\"top\">\u00a0\u00a0\u00a0\u00a0\u00a0\u00a0 9,50<\/td>\n<\/tr>\n<\/tbody>\n<\/table>\n<p>&nbsp;<\/p>\n<p>[\/et_pb_text][et_pb_text _builder_version=&#8220;4.16&#8243; header_font_size=&#8220;20px&#8220; custom_padding=&#8220;|50px||50px&#8220; global_colors_info=&#8220;{}&#8220;]<\/p>\n<p><strong>Liegegeb\u00fchren f\u00fcr Gastlieger im Hafen (Saison)<br \/><\/strong><\/p>\n<table style=\"height: 100px;\" border=\"0\" width=\"436\" cellspacing=\"0\" cellpadding=\"0\">\n<tbody>\n<tr>\n<td style=\"width: 289.390625px;\" valign=\"top\"><span style=\"text-decoration: underline;\"><span style=\"text-decoration: underline;\"><b>Boote<\/b><\/span><\/span><\/td>\n<td style=\"width: 221.09375px;\" valign=\"top\">\n<p style=\"text-align: center;\"><span style=\"text-decoration: underline;\"><b>Pro<\/b><b>\u00a0<\/b><strong>Saison <\/strong><\/span><b style=\"font-size: 15px; text-decoration: underline;\">(Euro)<\/b><b style=\"font-size: 15px; text-decoration: underline;\"><br \/><\/b><\/p>\n<\/td>\n<\/tr>\n<tr>\n<td style=\"width: 289.390625px;\" valign=\"top\">pro m\u00b2<\/td>\n<td style=\"width: 221.09375px;\" valign=\"top\">\n<p style=\"text-align: center;\">25,00<\/p>\n<\/td>\n<\/tr>\n<tr>\n<td style=\"width: 289.390625px;\" valign=\"top\">\u00a0<\/td>\n<td style=\"width: 221.09375px;\" valign=\"top\">\u00a0<\/td>\n<\/tr>\n<\/tbody>\n<\/table>\n<p>&nbsp;<\/p>\n<p>[\/et_pb_text][et_pb_text _builder_version=&#8220;4.16&#8243; header_font_size=&#8220;20px&#8220; custom_padding=&#8220;|50px||50px&#8220; global_colors_info=&#8220;{}&#8220;]<\/p>\n<p><strong>Slipgeb\u00fchren f\u00fcr unsere Tagesg\u00e4ste<\/strong><\/p>\n<table style=\"height: 100px; width: 574.78125px;\" border=\"0\" cellspacing=\"0\" cellpadding=\"0\">\n<tbody>\n<tr>\n<td style=\"width: 215px;\" valign=\"top\"><span style=\"text-decoration: underline;\"><span style=\"text-decoration: underline;\"><b>Typ<\/b><\/span><\/span><\/td>\n<td style=\"width: 571px;\" valign=\"top\"><span style=\"text-decoration: underline;\"><strong>Einmaliges Ein- und\u00a0<\/strong><\/span><span style=\"text-decoration: underline;\"><strong>Ausslippen<\/strong><\/span><\/td>\n<td style=\"width: 394px;\" valign=\"top\">\n<p style=\"text-align: center;\"><span style=\"text-decoration: underline;\"><b>Pro\u00a0<strong>Saison\u00a0<\/strong>(Euro)<\/b><\/span><\/p>\n<\/td>\n<td style=\"width: 86.78125px;\" valign=\"top\">\n<p style=\"text-align: center;\">\n<\/td>\n<\/tr>\n<tr>\n<td style=\"width: 215px;\" valign=\"top\">Boote<\/td>\n<td style=\"width: 571px;\" valign=\"top\">\n<p style=\"text-align: center;\">12,00<\/p>\n<\/td>\n<td style=\"width: 394px;\" valign=\"top\">\n<p style=\"text-align: center;\">95,00<\/p>\n<\/td>\n<td style=\"width: 86.78125px;\" valign=\"top\">\n<p style=\"text-align: center;\">\n<\/td>\n<\/tr>\n<tr>\n<td style=\"width: 215px;\" valign=\"top\">Kajaks und<br \/>\u00e4hnliche\u00a0kleine<br \/><span style=\"font-family: inherit; font-size: inherit;\">Wassersportfahrzeuge<\/span><\/td>\n<td style=\"width: 571px;\" valign=\"top\">\n<p style=\"text-align: center;\">4,00<\/p>\n<\/td>\n<td style=\"width: 394px;\" valign=\"top\">\n<p style=\"text-align: center;\">29,00<\/p>\n<\/td>\n<td style=\"width: 86.78125px;\" valign=\"top\">\u00a0<\/td>\n<\/tr>\n<tr>\n<td style=\"width: 215px;\" valign=\"top\">\u00a0<\/td>\n<td style=\"width: 571px;\" valign=\"top\">\u00a0<\/td>\n<td style=\"width: 394px;\" valign=\"top\">\u00a0<\/td>\n<td style=\"width: 86.78125px;\" valign=\"top\">\u00a0<\/td>\n<\/tr>\n<\/tbody>\n<\/table>\n<p>[\/et_pb_text][et_pb_text _builder_version=&#8220;4.20.4&#8243; header_font_size=&#8220;20px&#8220; custom_padding=&#8220;|50px||50px&#8220; global_colors_info=&#8220;{}&#8220;]<\/p>\n<p><span style=\"font-size: medium;\"><strong>Jet-Ski sind nicht erlaubt!<\/strong><\/span><\/p>\n<p>Angaben gem\u00e4\u00df Geb\u00fchrenordnung vom 17.02.2023.<br \/><span style=\"font-size: 15px;\">S\u00e4mtliche Preise verstehen sich inklusive 19 % MwSt.<\/span><\/p>\n<p>&nbsp;<\/p>\n<p>&nbsp;<\/p>\n<p>&nbsp;<\/p>\n<p>&nbsp;<\/p>\n<p>[\/et_pb_text][et_pb_divider show_divider=&#8220;off&#8220; _builder_version=&#8220;4.16&#8243; height=&#8220;15px&#8220; global_colors_info=&#8220;{}&#8220;]<br \/>\n[\/et_pb_divider][\/et_pb_column][et_pb_column type=&#8220;1_3&#8243; _builder_version=&#8220;4.16&#8243; custom_padding=&#8220;|||&#8220; global_colors_info=&#8220;{}&#8220; custom_padding__hover=&#8220;|||&#8220;][et_pb_image src=&#8220;http:\/\/www.wsc-haseldorf.de\/wp-content\/uploads\/2021\/05\/Hafenmeister-neu-scaled.jpg&#8220; title_text=&#8220;Hafenmeister neu&#8220; show_in_lightbox=&#8220;on&#8220; align_tablet=&#8220;center&#8220; align_phone=&#8220;&#8220; align_last_edited=&#8220;on|desktop&#8220; _builder_version=&#8220;4.16&#8243; custom_padding=&#8220;100px|50px|||false|false&#8220; animation_style=&#8220;slide&#8220; global_colors_info=&#8220;{}&#8220;]<br \/>\n[\/et_pb_image][et_pb_text _builder_version=&#8220;4.16&#8243; text_font=&#8220;Archivo|500|on||||||&#8220; text_font_size=&#8220;12px&#8220; custom_margin=&#8220;-10px|||&#8220; global_colors_info=&#8220;{}&#8220;]<\/p>\n<p>Heiner Koopmann<\/p>\n<p>[\/et_pb_text][et_pb_image src=&#8220;http:\/\/www.wsc-haseldorf.de\/wp-content\/uploads\/2018\/12\/Hafenmeisterhaus.jpg&#8220; title_text=&#8220;Hafenmeisterhaus&#8220; show_in_lightbox=&#8220;on&#8220; align_tablet=&#8220;center&#8220; align_phone=&#8220;&#8220; align_last_edited=&#8220;on|desktop&#8220; _builder_version=&#8220;4.16&#8243; custom_padding=&#8220;|50px||&#8220; animation_style=&#8220;slide&#8220; global_colors_info=&#8220;{}&#8220;]<br \/>\n[\/et_pb_image][et_pb_text _builder_version=&#8220;4.16&#8243; text_font=&#8220;Archivo|500|on||||||&#8220; text_font_size=&#8220;12px&#8220; custom_margin=&#8220;-10px|||&#8220; global_colors_info=&#8220;{}&#8220;]<\/p>\n<p>Hafenmeisterh\u00e4uschen<\/p>\n<p>[\/et_pb_text][\/et_pb_column][\/et_pb_row][\/et_pb_section][et_pb_section fb_built=&#8220;1&#8243; _builder_version=&#8220;4.16&#8243; background_color=&#8220;rgba(255,255,255,0)&#8220; global_colors_info=&#8220;{}&#8220;][\/et_pb_section][et_pb_section fb_built=&#8220;1&#8243; _builder_version=&#8220;4.16&#8243; global_colors_info=&#8220;{}&#8220;][et_pb_row column_structure=&#8220;3_4,1_4&#8243; _builder_version=&#8220;4.16&#8243; background_size=&#8220;initial&#8220; background_position=&#8220;top_left&#8220; background_repeat=&#8220;repeat&#8220; global_colors_info=&#8220;{}&#8220;][et_pb_column type=&#8220;3_4&#8243; _builder_version=&#8220;4.16&#8243; custom_padding=&#8220;|||&#8220; global_colors_info=&#8220;{}&#8220; custom_padding__hover=&#8220;|||&#8220;][\/et_pb_column][et_pb_column type=&#8220;1_4&#8243; _builder_version=&#8220;4.16&#8243; custom_padding=&#8220;|||&#8220; global_colors_info=&#8220;{}&#8220; custom_padding__hover=&#8220;|||&#8220;][et_pb_divider show_divider=&#8220;off&#8220; _builder_version=&#8220;4.16&#8243; height=&#8220;50px&#8220; global_colors_info=&#8220;{}&#8220;]<br \/>\n[\/et_pb_divider][\/et_pb_column][\/et_pb_row][\/et_pb_section]<\/p>\n","protected":false},"excerpt":{"rendered":"<p>Organisation und Geb\u00fchren Unsere Hafenmeister Sie sind Ansprechpartner und Gespr\u00e4chspartner f\u00fcr die Hafenlieger, G\u00e4ste und Vereinsmitglieder und beantworten viele Fragen. Die Hafenmeister im WSCHa sind ehrenamtlich und ohne Aufwandsentsch\u00e4digung t\u00e4tig und leisten in der Saison (April bis Oktober) ca. 60 \u2013 70 Stunden und mehr im Monat Hafendienst. Daneben meldet sich das Hafentelefon t\u00e4glich von [&hellip;]<\/p>\n","protected":false},"author":1,"featured_media":0,"parent":0,"menu_order":0,"comment_status":"closed","ping_status":"closed","template":"","meta":{"_et_pb_use_builder":"on","_et_pb_old_content":"","_et_gb_content_width":"","footnotes":""},"class_list":["post-490","page","type-page","status-publish","hentry"],"_links":{"self":[{"href":"https:\/\/www.wsc-haseldorf.de\/index.php?rest_route=\/wp\/v2\/pages\/490","targetHints":{"allow":["GET"]}}],"collection":[{"href":"https:\/\/www.wsc-haseldorf.de\/index.php?rest_route=\/wp\/v2\/pages"}],"about":[{"href":"https:\/\/www.wsc-haseldorf.de\/index.php?rest_route=\/wp\/v2\/types\/page"}],"author":[{"embeddable":true,"href":"https:\/\/www.wsc-haseldorf.de\/index.php?rest_route=\/wp\/v2\/users\/1"}],"replies":[{"embeddable":true,"href":"https:\/\/www.wsc-haseldorf.de\/index.php?rest_route=%2Fwp%2Fv2%2Fcomments&post=490"}],"version-history":[{"count":67,"href":"https:\/\/www.wsc-haseldorf.de\/index.php?rest_route=\/wp\/v2\/pages\/490\/revisions"}],"predecessor-version":[{"id":1360,"href":"https:\/\/www.wsc-haseldorf.de\/index.php?rest_route=\/wp\/v2\/pages\/490\/revisions\/1360"}],"wp:attachment":[{"href":"https:\/\/www.wsc-haseldorf.de\/index.php?rest_route=%2Fwp%2Fv2%2Fmedia&parent=490"}],"curies":[{"name":"wp","href":"https:\/\/api.w.org\/{rel}","templated":true}]}}