{"id":505,"date":"2018-03-20T10:52:16","date_gmt":"2018-03-20T10:52:16","guid":{"rendered":"http:\/\/entwicklung.he-internet.de\/wp_wsch\/?page_id=505"},"modified":"2024-04-10T19:31:23","modified_gmt":"2024-04-10T19:31:23","slug":"formulare","status":"publish","type":"page","link":"https:\/\/www.wsc-haseldorf.de\/?page_id=505","title":{"rendered":"Formulare"},"content":{"rendered":"<p>[et_pb_section fb_built=&#8220;1&#8243; _builder_version=&#8220;4.16&#8243; background_color=&#8220;#ffffff&#8220; global_colors_info=&#8220;{}&#8220;][et_pb_row _builder_version=&#8220;4.16&#8243; background_color=&#8220;rgba(255,255,255,0)&#8220; global_colors_info=&#8220;{}&#8220;][et_pb_column type=&#8220;4_4&#8243; _builder_version=&#8220;4.16&#8243; custom_padding=&#8220;|||&#8220; global_colors_info=&#8220;{}&#8220; custom_padding__hover=&#8220;|||&#8220;][et_pb_image src=&#8220;http:\/\/www.wsc-haseldorf.de\/wp-content\/uploads\/2018\/12\/slider-\u00fcber-uns_3435.jpg&#8220; align=&#8220;center&#8220; align_tablet=&#8220;center&#8220; align_phone=&#8220;center&#8220; align_last_edited=&#8220;on|desktop&#8220; _builder_version=&#8220;4.16&#8243; custom_padding=&#8220;-10px|||&#8220; global_colors_info=&#8220;{}&#8220;][\/et_pb_image][\/et_pb_column][\/et_pb_row][\/et_pb_section][et_pb_section fb_built=&#8220;1&#8243; _builder_version=&#8220;4.16&#8243; background_color=&#8220;rgba(255,255,255,0)&#8220; global_colors_info=&#8220;{}&#8220;][et_pb_row column_structure=&#8220;2_3,1_3&#8243; _builder_version=&#8220;4.16&#8243; background_color=&#8220;#ffffff&#8220; custom_margin=&#8220;-11px|||&#8220; global_colors_info=&#8220;{}&#8220;][et_pb_column type=&#8220;2_3&#8243; _builder_version=&#8220;4.16&#8243; custom_padding=&#8220;|||&#8220; global_colors_info=&#8220;{}&#8220; custom_padding__hover=&#8220;|||&#8220;][et_pb_text _builder_version=&#8220;4.24.0&#8243; text_font=&#8220;Archivo||||||||&#8220; custom_padding=&#8220;50px|||50px&#8220; hover_enabled=&#8220;0&#8243; global_colors_info=&#8220;{}&#8220; sticky_enabled=&#8220;0&#8243;]<\/p>\n<h1>Formulare<\/h1>\n<p>[\/et_pb_text][et_pb_text _builder_version=&#8220;4.24.0&#8243; header_font_size=&#8220;20px&#8220; custom_padding=&#8220;|50px||50px&#8220; hover_enabled=&#8220;0&#8243; global_colors_info=&#8220;{}&#8220; sticky_enabled=&#8220;0&#8243;]<\/p>\n<h1>Mitgliedschaft<b>\u00a0 \u00a0<\/b><\/h1>\n<p>Um einen Antrag auf Mitgliedschaft im Wassersportclub Haseldorf e. V. zu stellen, f\u00fcllen Sie bitte das rechts verlinkte Formular aus.<\/p>\n<p>Das ausgef\u00fcllte Dokument k\u00f6nnen Sie entweder pers\u00f6nlich bei einem Vorstandsmitglied einreichen oder per E-Mail direkt an den Kassenwart (<a href=\"mailto:kasse@wsc-haseldorf.de\">kasse@wsc-haseldorf.de<\/a>) schicken.<\/p>\n<p>[\/et_pb_text][et_pb_divider show_divider=&#8220;off&#8220; _builder_version=&#8220;4.16&#8243; height=&#8220;15px&#8220; global_colors_info=&#8220;{}&#8220;][\/et_pb_divider][et_pb_divider show_divider=&#8220;off&#8220; _builder_version=&#8220;4.16&#8243; height=&#8220;15px&#8220; global_colors_info=&#8220;{}&#8220;][\/et_pb_divider][et_pb_divider show_divider=&#8220;off&#8220; _builder_version=&#8220;4.16&#8243; height=&#8220;15px&#8220; global_colors_info=&#8220;{}&#8220;][\/et_pb_divider][\/et_pb_column][et_pb_column type=&#8220;1_3&#8243; _builder_version=&#8220;4.16&#8243; custom_padding=&#8220;|||&#8220; global_colors_info=&#8220;{}&#8220; custom_padding__hover=&#8220;|||&#8220;][et_pb_image src=&#8220;http:\/\/www.wsc-haseldorf.de\/wp-content\/uploads\/2024\/04\/Antrag.jpg&#8220; title_text=&#8220;Antrag&#8220; url=&#8220;http:\/\/www.wsc-haseldorf.de\/wp-content\/uploads\/2024\/04\/Aufnahmeantrag_Gesamt_Stand_Feb24.pdf&#8220; url_new_window=&#8220;on&#8220; align_tablet=&#8220;center&#8220; align_phone=&#8220;center&#8220; align_last_edited=&#8220;on|desktop&#8220; _builder_version=&#8220;4.24.0&#8243; custom_padding=&#8220;0px|50px||&#8220; animation_style=&#8220;slide&#8220; hover_enabled=&#8220;0&#8243; box_shadow_style=&#8220;preset2&#8243; global_colors_info=&#8220;{}&#8220; sticky_enabled=&#8220;0&#8243;][\/et_pb_image][et_pb_divider show_divider=&#8220;off&#8220; _builder_version=&#8220;4.16&#8243; height=&#8220;15px&#8220; global_colors_info=&#8220;{}&#8220;][\/et_pb_divider][\/et_pb_column][\/et_pb_row][\/et_pb_section][et_pb_section fb_built=&#8220;1&#8243; _builder_version=&#8220;4.16&#8243; global_colors_info=&#8220;{}&#8220;][et_pb_row column_structure=&#8220;3_4,1_4&#8243; _builder_version=&#8220;4.16&#8243; background_size=&#8220;initial&#8220; background_position=&#8220;top_left&#8220; background_repeat=&#8220;repeat&#8220; global_colors_info=&#8220;{}&#8220;][et_pb_column type=&#8220;3_4&#8243; _builder_version=&#8220;4.16&#8243; custom_padding=&#8220;|||&#8220; global_colors_info=&#8220;{}&#8220; custom_padding__hover=&#8220;|||&#8220;][\/et_pb_column][et_pb_column type=&#8220;1_4&#8243; _builder_version=&#8220;4.16&#8243; custom_padding=&#8220;|||&#8220; global_colors_info=&#8220;{}&#8220; custom_padding__hover=&#8220;|||&#8220;][\/et_pb_column][\/et_pb_row][\/et_pb_section]<\/p>\n","protected":false},"excerpt":{"rendered":"<p>FormulareMitgliedschaft\u00a0 \u00a0 Um einen Antrag auf Mitgliedschaft im Wassersportclub Haseldorf e. V. zu stellen, f\u00fcllen Sie bitte das rechts verlinkte Formular aus. Das ausgef\u00fcllte Dokument k\u00f6nnen Sie entweder pers\u00f6nlich bei einem Vorstandsmitglied einreichen oder per E-Mail direkt an den Kassenwart (kasse@wsc-haseldorf.de) schicken.<\/p>\n","protected":false},"author":1,"featured_media":0,"parent":0,"menu_order":0,"comment_status":"closed","ping_status":"closed","template":"","meta":{"_et_pb_use_builder":"on","_et_pb_old_content":"","_et_gb_content_width":"","footnotes":""},"class_list":["post-505","page","type-page","status-publish","hentry"],"_links":{"self":[{"href":"https:\/\/www.wsc-haseldorf.de\/index.php?rest_route=\/wp\/v2\/pages\/505","targetHints":{"allow":["GET"]}}],"collection":[{"href":"https:\/\/www.wsc-haseldorf.de\/index.php?rest_route=\/wp\/v2\/pages"}],"about":[{"href":"https:\/\/www.wsc-haseldorf.de\/index.php?rest_route=\/wp\/v2\/types\/page"}],"author":[{"embeddable":true,"href":"https:\/\/www.wsc-haseldorf.de\/index.php?rest_route=\/wp\/v2\/users\/1"}],"replies":[{"embeddable":true,"href":"https:\/\/www.wsc-haseldorf.de\/index.php?rest_route=%2Fwp%2Fv2%2Fcomments&post=505"}],"version-history":[{"count":15,"href":"https:\/\/www.wsc-haseldorf.de\/index.php?rest_route=\/wp\/v2\/pages\/505\/revisions"}],"predecessor-version":[{"id":1353,"href":"https:\/\/www.wsc-haseldorf.de\/index.php?rest_route=\/wp\/v2\/pages\/505\/revisions\/1353"}],"wp:attachment":[{"href":"https:\/\/www.wsc-haseldorf.de\/index.php?rest_route=%2Fwp%2Fv2%2Fmedia&parent=505"}],"curies":[{"name":"wp","href":"https:\/\/api.w.org\/{rel}","templated":true}]}}