{"id":534,"date":"2018-03-20T12:54:57","date_gmt":"2018-03-20T12:54:57","guid":{"rendered":"http:\/\/entwicklung.he-internet.de\/wp_wsch\/?page_id=534"},"modified":"2019-01-30T13:52:58","modified_gmt":"2019-01-30T13:52:58","slug":"angebot","status":"publish","type":"page","link":"https:\/\/www.wsc-haseldorf.de\/?page_id=534","title":{"rendered":"Angebot"},"content":{"rendered":"<p>[et_pb_section bb_built=&#8220;1&#8243; _builder_version=&#8220;3.0.95&#8243; background_color=&#8220;#ffffff&#8220; next_background_color=&#8220;rgba(255,255,255,0)&#8220;][et_pb_row _builder_version=&#8220;3.0.95&#8243; background_color=&#8220;rgba(255,255,255,0)&#8220;][et_pb_column type=&#8220;4_4&#8243;][et_pb_image src=&#8220;http:\/\/www.wsc-haseldorf.de\/wp-content\/uploads\/2018\/03\/slider-jugend.jpg&#8220; align=&#8220;center&#8220; _builder_version=&#8220;3.0.95&#8243; custom_padding=&#8220;-10px|||&#8220; \/][\/et_pb_column][\/et_pb_row][\/et_pb_section][et_pb_section bb_built=&#8220;1&#8243; _builder_version=&#8220;3.0.95&#8243; background_color=&#8220;rgba(255,255,255,0)&#8220; prev_background_color=&#8220;#ffffff&#8220; next_background_color=&#8220;#ffffff&#8220;][et_pb_row custom_margin=&#8220;-11px|||&#8220; _builder_version=&#8220;3.0.95&#8243; background_color=&#8220;#ffffff&#8220;][et_pb_column type=&#8220;2_3&#8243;][et_pb_text _builder_version=&#8220;3.19.4&#8243; text_font=&#8220;Archivo||||||||&#8220; custom_padding=&#8220;50px|||50px&#8220;]<\/p>\n<h1>Der Wassersport-Club Haseldorf e.V.\u00a0bietet Segelkurse f\u00fcr Jugendliche<\/h1>\n<p>[\/et_pb_text][et_pb_text _builder_version=&#8220;3.19.4&#8243; header_2_font_size=&#8220;20px&#8220; custom_padding=&#8220;|50px||50px&#8220;]<\/p>\n<p>Der Wassersport-Club Haseldorf e.V. ist ein an der Unterelbe, im sch\u00f6nen Naturschutzgebiet der Haseldorfer Binnenelbe beheimateter Wassersportverein. Das Heranf\u00fchren von Jugendlichen an den Segelsport geh\u00f6rt seit unserem Gr\u00fcndungsjahr 1972 zu unserem Selbstverst\u00e4ndnis. Mit der Elbe und ihren Binnenarmen verf\u00fcgen wir vor unserer Haust\u00fcr \u00fcber ein herrliches, tidenabh\u00e4ngiges Segelrevier. Engagierte Vereinsmitglieder widmen sich seit vielen Jahren mit gro\u00dfem Engagement der Jugendarbeit. Dem Start in eine erfolgreiche Segelkarriere steht somit nichts mehr im Weg.<span class=\"Apple-converted-space\">\u00a0<\/span><\/p>\n<p>&nbsp;<\/p>\n<p>Wir sprechen mit unseren Segelkursen Kinder und Jugendliche im Alter zwischen 7 und 18 Jahren an. Unser Theorie- und Praxisunterricht finden jeweils am Samstag statt.<\/p>\n<p>&nbsp;<\/p>\n<p><strong>Unser Wassersport-Club stellt drei verschiedene Bootsklassen kostenlos zur Verf\u00fcgung:<\/strong><\/p>\n<ul>\n<li>Optimist (kurz Optis genannt)<\/li>\n<li>Teeny<\/li>\n<li>Pirat<\/li>\n<\/ul>\n<p>&nbsp;<\/p>\n<h2>Was erwartet euch?<\/h2>\n<p>\u00a0In den Wintermonaten (Oktober &#8211; April) wird die Theorie samstags alle 14 Tage von 11:30 \u2013 12:30 Uhr im Haseldorfer Hafenhaus unterrichtet. In einer gem\u00fctlichen und entspannten Atmosph\u00e4re lernt ihr die Grundkenntnisse des Segelns und werdet auf die Pr\u00fcfung f\u00fcr den J\u00fcngsten-Schein vorbereitet.<\/p>\n<p>&nbsp;<\/p>\n<h2>Welche Themen werden im theoretischen Unterricht behandelt?<span class=\"Apple-converted-space\">\u00a0<\/span><\/h2>\n<ul>\n<li>Wie wird mein Schiff aufgetakelt? Welche Bestandteile geh\u00f6ren dazu?<\/li>\n<li>Knoten- und Wetterkunde<\/li>\n<li>Welche M\u00f6glichkeiten gibt es, mit und gegen Wind und Str\u00f6mung zu segeln?<\/li>\n<li>Verkehrsregeln, Regattaregeln<\/li>\n<li>Wie pflege und repariere ich die Boote?<\/li>\n<li>Und vieles mehr\u2026<\/li>\n<\/ul>\n<p>\u00a0Die Segelsaison l\u00e4uft von April bis Oktober.<\/p>\n<p>\u00a0Zum Start der Saison werden die Boote mit vereinten Kr\u00e4ften aus dem Winterlager geholt, geputzt und zum Hafen gebracht.<span class=\"Apple-converted-space\">\u00a0<\/span><\/p>\n<p>\u00a0Der praktische Unterricht findet jeden Samstag, je nach Tide morgens, mittags oder abends statt.<\/p>\n<p>\u00a0Geleitet wird das Training durch zwei fachkundige Trainer, die die segelnden Kids mit einem Motorboot begleiten. So kann jederzeit die Umsetzung des erworbenen Theoriewissens auf dem Wasser sichergestellt werden.<span class=\"Apple-converted-space\">\u00a0<\/span><\/p>\n<p>\u00a0<b>Wichtig:<\/b> Jedes Kind sollte schwimmen k\u00f6nnen (Seepferdchen\/Bronzeschein) und eine eigene Schwimmweste haben.<\/p>\n<p>&nbsp;<\/p>\n<h2>Schnuppersegeln<\/h2>\n<p>\u00a0Anmelden k\u00f6nnen sich die Kinder und Jugendlichen jederzeit und bei der Theorie oder beim Wassertraining mitmachen. Der Plan mit den Trainingszeiten h\u00e4ngt im Schaukasten am Hafen aus. Gerne stehen wir aber auch unter den genannten Kontaktdaten f\u00fcr Ausk\u00fcnfte zur Verf\u00fcgung.<\/p>\n<p>&nbsp;<\/p>\n<h2>Welche Bootsklasse passt zu welchem Alter?<\/h2>\n<p>[\/et_pb_text][et_pb_text _builder_version=&#8220;3.19.4&#8243; header_2_font_size=&#8220;20px&#8220; custom_padding=&#8220;|50px||50px&#8220;]<\/p>\n<table cellspacing=\"0\" cellpadding=\"0\">\n<tbody>\n<tr>\n<td valign=\"top\">\n<p><b>Alter<\/b><\/p>\n<\/td>\n<td valign=\"top\">\n<p><b><\/b><\/p>\n<\/td>\n<td valign=\"top\">\n<p><b>Klasse<\/b><\/p>\n<\/td>\n<td valign=\"top\">\n<p><b><\/b><\/p>\n<\/td>\n<\/tr>\n<tr>\n<td valign=\"top\">\n<p><b><\/b><\/p>\n<\/td>\n<td valign=\"top\">\n<p><span style=\"font-size: medium;\"><b>Opti<\/b><\/span><\/p>\n<p><span style=\"font-size: medium;\">\u00a0<\/span><\/p>\n<\/td>\n<td valign=\"top\">\n<p><span style=\"font-size: medium;\"><b>Teeny<\/b><\/span><\/p>\n<\/td>\n<td valign=\"top\">\n<p><span style=\"font-size: medium;\"><b>Pirat<\/b><\/span><\/p>\n<\/td>\n<\/tr>\n<tr>\n<td valign=\"top\">\n<p>&gt; 7<\/p>\n<\/td>\n<td valign=\"top\">\n<p>&#8212;<\/p>\n<\/td>\n<td valign=\"top\">\n<p><b><\/b><\/p>\n<\/td>\n<td valign=\"top\">\n<p><b><\/b><\/p>\n<\/td>\n<\/tr>\n<tr>\n<td valign=\"top\">\n<p>7<\/p>\n<\/td>\n<td valign=\"top\">\n<p>x<\/p>\n<\/td>\n<td valign=\"top\">\n<p><b><\/b><\/p>\n<\/td>\n<td valign=\"top\">\n<p><b><\/b><\/p>\n<\/td>\n<\/tr>\n<tr>\n<td valign=\"top\">\n<p>8<\/p>\n<\/td>\n<td valign=\"top\">\n<p>x<\/p>\n<\/td>\n<td valign=\"top\">\n<p>&#8212;<\/p>\n<\/td>\n<td valign=\"top\">\n<p><b><\/b><\/p>\n<\/td>\n<\/tr>\n<tr>\n<td valign=\"top\">\n<p>9<\/p>\n<\/td>\n<td valign=\"top\">\n<p>x<\/p>\n<\/td>\n<td valign=\"top\">\n<p>&#8212;<\/p>\n<\/td>\n<td valign=\"top\">\n<p><b><\/b><\/p>\n<\/td>\n<\/tr>\n<tr>\n<td valign=\"top\">\n<p>10<\/p>\n<\/td>\n<td valign=\"top\">\n<p>x<\/p>\n<\/td>\n<td valign=\"top\">\n<p>x<\/p>\n<\/td>\n<td valign=\"top\">\n<p><b><\/b><\/p>\n<\/td>\n<\/tr>\n<tr>\n<td valign=\"top\">\n<p>11<\/p>\n<\/td>\n<td valign=\"top\">\n<p>x<\/p>\n<\/td>\n<td valign=\"top\">\n<p>x<\/p>\n<\/td>\n<td valign=\"top\">\n<p><b><\/b><\/p>\n<\/td>\n<\/tr>\n<tr>\n<td valign=\"top\">\n<p>12<\/p>\n<\/td>\n<td valign=\"top\">\n<p>\u263a<\/p>\n<\/td>\n<td valign=\"top\">\n<p>x<\/p>\n<\/td>\n<td valign=\"top\">\n<p>&#8212;<\/p>\n<\/td>\n<\/tr>\n<tr>\n<td valign=\"top\">\n<p>13<\/p>\n<\/td>\n<td valign=\"top\">\n<p>\u263a<\/p>\n<\/td>\n<td valign=\"top\">\n<p>x<\/p>\n<\/td>\n<td valign=\"top\">\n<p>&#8212;<\/p>\n<\/td>\n<\/tr>\n<tr>\n<td valign=\"top\">\n<p>14<\/p>\n<\/td>\n<td valign=\"top\">\n<p>\u263a<\/p>\n<\/td>\n<td valign=\"top\">\n<p>\u263a<\/p>\n<\/td>\n<td valign=\"top\">\n<p>x<\/p>\n<\/td>\n<\/tr>\n<tr>\n<td valign=\"top\">\n<p>15<\/p>\n<\/td>\n<td valign=\"top\">\n<p>\u263a<\/p>\n<\/td>\n<td valign=\"top\">\n<p>\u263a<\/p>\n<\/td>\n<td valign=\"top\">\n<p>x<\/p>\n<\/td>\n<\/tr>\n<tr>\n<td valign=\"top\">\n<p>16<\/p>\n<\/td>\n<td valign=\"top\">\n<p><b><\/b><\/p>\n<\/td>\n<td valign=\"top\">\n<p><b><\/b><\/p>\n<\/td>\n<td valign=\"top\">\n<p>x<\/p>\n<\/td>\n<\/tr>\n<tr>\n<td valign=\"top\">\n<p>17<\/p>\n<\/td>\n<td valign=\"top\">\n<p><b><\/b><\/p>\n<\/td>\n<td valign=\"top\">\n<p><b><\/b><\/p>\n<\/td>\n<td valign=\"top\">\n<p>x<\/p>\n<\/td>\n<\/tr>\n<tr>\n<td valign=\"top\">\n<p>18<\/p>\n<\/td>\n<td valign=\"top\">\n<p><b><\/b><\/p>\n<\/td>\n<td valign=\"top\">\n<p><b><\/b><\/p>\n<\/td>\n<td valign=\"top\">\n<p>\u263a<\/p>\n<\/td>\n<\/tr>\n<tr>\n<td valign=\"top\">\n<p>&#8230;<\/p>\n<\/td>\n<td valign=\"top\">\n<p><b><\/b><\/p>\n<\/td>\n<td valign=\"top\">\n<p><b><\/b><\/p>\n<\/td>\n<td valign=\"top\">\n<p>\u263a<\/p>\n<\/td>\n<\/tr>\n<\/tbody>\n<\/table>\n<p>[\/et_pb_text][et_pb_text _builder_version=&#8220;3.19.4&#8243; header_2_font_size=&#8220;20px&#8220; custom_padding=&#8220;|50px||50px&#8220;]<\/p>\n<p>\u00a0<img \/>&#8212;<span class=\"Apple-converted-space\">\u00a0 <\/span>Einstieg mit R\u00fccksprache der Trainer\/Betreuer<\/p>\n<p>\u00a0x<span class=\"Apple-converted-space\">\u00a0 <\/span>Ideales Einstiegsalter<\/p>\n<p><span class=\"Apple-converted-space\">\u263a \u00a0<\/span>In diesem Alter kann diese Bootsklasse gut gesegelt werden, bietet sich erfahrungsgem\u00e4\u00df nicht mehr als Einstiegsboot an.<\/p>\n<p>\u00a0<\/p>\n<h2>Veranstaltungen und Termine w\u00e4hrend der Saison<\/h2>\n<ul>\n<li>Boote zu Wasser bringen<\/li>\n<li>Vereinswettfahrten<\/li>\n<li>Oster-Training in Wedel f\u00fcr die Bootsklasse Teeny<\/li>\n<li>Himmelfahrt Trainingslager Malente f\u00fcr die Bootsklasse Teeny<\/li>\n<li>Schlei-Weekend, Borkwedel<span class=\"Apple-converted-space\">\u00a0<\/span><\/li>\n<li>Landesj\u00fcngstenmeisterschaft f\u00fcr die Bootsklasse Teeny<\/li>\n<li>Boote ins Winterlager<span class=\"Apple-converted-space\">\u00a0<\/span><\/li>\n<li>Herbst, Trainingslager Malente f\u00fcr die Bootsklasse Teeny<\/li>\n<\/ul>\n<p>\u00a0<\/p>\n<h2>Mitgliedschaft<\/h2>\n<p>\u00a0F\u00fcr einen \u201e<a href=\"http:\/\/www.wsc-haseldorf.de\/?page_id=505\" target=\"_blank\" rel=\"noopener\">Aufnahmeantrag<\/a>\u201c bitte klicken.<\/p>\n<p>\u00a0<\/p>\n<p>[\/et_pb_text][et_pb_divider show_divider=&#8220;off&#8220; height=&#8220;15px&#8220; _builder_version=&#8220;3.2&#8243; \/][\/et_pb_column][et_pb_column type=&#8220;1_3&#8243;][et_pb_image src=&#8220;http:\/\/www.wsc-haseldorf.de\/wp-content\/uploads\/2019\/01\/jugend_2555.jpg&#8220; show_in_lightbox=&#8220;on&#8220; _builder_version=&#8220;3.19.4&#8243; custom_padding=&#8220;100px|50px||&#8220; animation_style=&#8220;slide&#8220; \/][et_pb_image src=&#8220;http:\/\/www.wsc-haseldorf.de\/wp-content\/uploads\/2019\/01\/jugend_0368.jpg&#8220; show_in_lightbox=&#8220;on&#8220; _builder_version=&#8220;3.19.4&#8243; custom_padding=&#8220;|50px||&#8220; animation_style=&#8220;slide&#8220; \/][et_pb_image src=&#8220;http:\/\/www.wsc-haseldorf.de\/wp-content\/uploads\/2019\/01\/jugend_2504.jpg&#8220; show_in_lightbox=&#8220;on&#8220; _builder_version=&#8220;3.19.4&#8243; custom_padding=&#8220;|50px||&#8220; animation_style=&#8220;slide&#8220; \/][\/et_pb_column][\/et_pb_row][\/et_pb_section][et_pb_section bb_built=&#8220;1&#8243; _builder_version=&#8220;3.0.47&#8243; prev_background_color=&#8220;rgba(255,255,255,0)&#8220;][et_pb_row _builder_version=&#8220;3.0.48&#8243; background_size=&#8220;initial&#8220; background_position=&#8220;top_left&#8220; background_repeat=&#8220;repeat&#8220;][et_pb_column type=&#8220;3_4&#8243;][\/et_pb_column][et_pb_column type=&#8220;1_4&#8243;][\/et_pb_column][\/et_pb_row][\/et_pb_section]<\/p>\n","protected":false},"excerpt":{"rendered":"<p>Der Wassersport-Club Haseldorf e.V.\u00a0bietet Segelkurse f\u00fcr Jugendliche Der Wassersport-Club Haseldorf e.V. ist ein an der Unterelbe, im sch\u00f6nen Naturschutzgebiet der Haseldorfer Binnenelbe beheimateter Wassersportverein. Das Heranf\u00fchren von Jugendlichen an den Segelsport geh\u00f6rt seit unserem Gr\u00fcndungsjahr 1972 zu unserem Selbstverst\u00e4ndnis. Mit der Elbe und ihren Binnenarmen verf\u00fcgen wir vor unserer Haust\u00fcr \u00fcber ein herrliches, tidenabh\u00e4ngiges Segelrevier. [&hellip;]<\/p>\n","protected":false},"author":1,"featured_media":0,"parent":0,"menu_order":0,"comment_status":"closed","ping_status":"closed","template":"","meta":{"_et_pb_use_builder":"on","_et_pb_old_content":"","_et_gb_content_width":"","footnotes":""},"class_list":["post-534","page","type-page","status-publish","hentry"],"_links":{"self":[{"href":"https:\/\/www.wsc-haseldorf.de\/index.php?rest_route=\/wp\/v2\/pages\/534","targetHints":{"allow":["GET"]}}],"collection":[{"href":"https:\/\/www.wsc-haseldorf.de\/index.php?rest_route=\/wp\/v2\/pages"}],"about":[{"href":"https:\/\/www.wsc-haseldorf.de\/index.php?rest_route=\/wp\/v2\/types\/page"}],"author":[{"embeddable":true,"href":"https:\/\/www.wsc-haseldorf.de\/index.php?rest_route=\/wp\/v2\/users\/1"}],"replies":[{"embeddable":true,"href":"https:\/\/www.wsc-haseldorf.de\/index.php?rest_route=%2Fwp%2Fv2%2Fcomments&post=534"}],"version-history":[{"count":27,"href":"https:\/\/www.wsc-haseldorf.de\/index.php?rest_route=\/wp\/v2\/pages\/534\/revisions"}],"predecessor-version":[{"id":1054,"href":"https:\/\/www.wsc-haseldorf.de\/index.php?rest_route=\/wp\/v2\/pages\/534\/revisions\/1054"}],"wp:attachment":[{"href":"https:\/\/www.wsc-haseldorf.de\/index.php?rest_route=%2Fwp%2Fv2%2Fmedia&parent=534"}],"curies":[{"name":"wp","href":"https:\/\/api.w.org\/{rel}","templated":true}]}}