{"id":634,"date":"2018-12-13T16:19:58","date_gmt":"2018-12-13T16:19:58","guid":{"rendered":"http:\/\/entwicklung.he-internet.de\/wp_wsch\/?page_id=634"},"modified":"2020-04-09T17:32:56","modified_gmt":"2020-04-09T17:32:56","slug":"presseberichte","status":"publish","type":"page","link":"https:\/\/www.wsc-haseldorf.de\/?page_id=634","title":{"rendered":"Presseberichte"},"content":{"rendered":"<p>[et_pb_section fb_built=&#8220;1&#8243; _builder_version=&#8220;3.22&#8243; background_color=&#8220;#ffffff&#8220;][et_pb_row _builder_version=&#8220;3.25&#8243; background_color=&#8220;rgba(255,255,255,0)&#8220;][et_pb_column type=&#8220;4_4&#8243; _builder_version=&#8220;3.25&#8243; custom_padding=&#8220;|||&#8220; custom_padding__hover=&#8220;|||&#8220;][et_pb_image src=&#8220;http:\/\/www.wsc-haseldorf.de\/wp-content\/uploads\/2018\/12\/slider-\u00fcber-uns_3435.jpg&#8220; align=&#8220;center&#8220; align_tablet=&#8220;center&#8220; align_phone=&#8220;&#8220; align_last_edited=&#8220;on|desktop&#8220; _builder_version=&#8220;3.23&#8243; custom_padding=&#8220;-10px|||&#8220;][\/et_pb_image][\/et_pb_column][\/et_pb_row][\/et_pb_section][et_pb_section fb_built=&#8220;1&#8243; _builder_version=&#8220;3.22&#8243; background_color=&#8220;rgba(255,255,255,0)&#8220;][et_pb_row column_structure=&#8220;2_3,1_3&#8243; _builder_version=&#8220;3.25&#8243; background_color=&#8220;#ffffff&#8220; custom_margin=&#8220;-11px|||&#8220;][et_pb_column type=&#8220;2_3&#8243; _builder_version=&#8220;3.25&#8243; custom_padding=&#8220;|||&#8220; custom_padding__hover=&#8220;|||&#8220;][et_pb_text _builder_version=&#8220;4.0.11&#8243; text_font=&#8220;Archivo||||||||&#8220; custom_padding=&#8220;50px|||50px&#8220;]<\/p>\n<h1>Presseberichte<\/h1>\n<p>[\/et_pb_text][et_pb_text _builder_version=&#8220;4.0.11&#8243; custom_padding=&#8220;|50px||50px&#8220;]<\/p>\n<p>Immer wieder erscheinen Artikel \u00fcber den Wassersportclub in regionalen Printmedien.<br \/>Auch unsere Mitglieder verfassen bisweilen eigene Reiseberichte von interessanten T\u00f6rns.<\/p>\n<p>Hier geben wir Einblick in einige Berichte der letzten Zeit.<\/p>\n<p>[\/et_pb_text][et_pb_divider show_divider=&#8220;off&#8220; _builder_version=&#8220;3.2&#8243; height=&#8220;15px&#8220;][\/et_pb_divider][\/et_pb_column][et_pb_column type=&#8220;1_3&#8243; _builder_version=&#8220;3.25&#8243; custom_padding=&#8220;|||&#8220; custom_padding__hover=&#8220;|||&#8220;][et_pb_image src=&#8220;http:\/\/www.wsc-haseldorf.de\/wp-content\/uploads\/2020\/04\/Vorschaubild-Artikel-Rellensmann.jpg&#8220; url=&#8220;http:\/\/www.wsc-haseldorf.de\/wp-content\/uploads\/2020\/04\/Hoseldoerper-Norichten_Artikel-Rellensmann_April-2020.pdf&#8220; url_new_window=&#8220;on&#8220; _builder_version=&#8220;4.4.2&#8243; hover_enabled=&#8220;0&#8243;][\/et_pb_image][et_pb_text content_tablet=&#8220;<\/p>\n<p><strong>Reisebericht Februar 2020 &#8211; Kanarent\u00f6rn<\/strong><\/p>\n<p>&#8220; content_phone=&#8220;<\/p>\n<p><strong>Reisebericht Februar 2020 &#8211; Kanarent\u00f6rn<\/strong><\/p>\n<p>&#8220; content_last_edited=&#8220;off|desktop&#8220; _builder_version=&#8220;4.4.2&#8243; header_4_font=&#8220;|700|||||||&#8220; header_4_font_size=&#8220;12px&#8220; hover_enabled=&#8220;0&#8243; locked=&#8220;off&#8220;]<\/p>\n<p><strong>Hoseld\u00f6rper Norichten April 2020 &#8211; Artikel \u00fcber Ernst Rellensmann<br \/><\/strong><\/p>\n<p>&nbsp;<\/p>\n<p>[\/et_pb_text][et_pb_image src=&#8220;http:\/\/www.wsc-haseldorf.de\/wp-content\/uploads\/2020\/02\/Reisebericht-Kanaren.jpg&#8220; url=&#8220;http:\/\/www.wsc-haseldorf.de\/wp-content\/uploads\/2020\/02\/Reisebericht-Gran-Canaria-November-2019.pdf&#8220; url_new_window=&#8220;on&#8220; _builder_version=&#8220;4.4.2&#8243; locked=&#8220;off&#8220;][\/et_pb_image][et_pb_text content_tablet=&#8220;<\/p>\n<p><strong>Reisebericht Februar 2020 &#8211; Kanarent\u00f6rn<\/strong><\/p>\n<p>&#8220; content_phone=&#8220;<\/p>\n<p><strong>Reisebericht Februar 2020 &#8211; Kanarent\u00f6rn<\/strong><\/p>\n<p>&#8220; content_last_edited=&#8220;on|desktop&#8220; _builder_version=&#8220;4.4.2&#8243; header_4_font=&#8220;|700|||||||&#8220; header_4_font_size=&#8220;12px&#8220; locked=&#8220;off&#8220;]<\/p>\n<p><strong>Reisebericht Februar 2020 &#8211; Kanarent\u00f6rn<\/strong><\/p>\n<p>&nbsp;<\/p>\n<p>[\/et_pb_text][et_pb_image src=&#8220;http:\/\/www.wsc-haseldorf.de\/wp-content\/uploads\/2020\/02\/Vorschaubild-Artikel_Suederelv.jpg&#8220; url=&#8220;http:\/\/www.wsc-haseldorf.de\/wp-content\/uploads\/2020\/01\/Hoseldoerper-Norichten_Suederelv-Artikel_Juli-2019-1.pdf&#8220; url_new_window=&#8220;on&#8220; _builder_version=&#8220;4.0.11&#8243; locked=&#8220;off&#8220;][\/et_pb_image][et_pb_text content_tablet=&#8220;<\/p>\n<p><strong>Hoseld\u00f6rper Norichten Juli 2019 &#8211; Artikel S\u00fcderelv<\/strong><\/p>\n<p>&#8220; content_phone=&#8220;<\/p>\n<p><strong>Hoseld\u00f6rper Norichten Juli 2019 &#8211; Artikel S\u00fcderelv<\/strong><\/p>\n<p>&#8220; content_last_edited=&#8220;on|desktop&#8220; _builder_version=&#8220;4.0.11&#8243; header_4_font=&#8220;|700|||||||&#8220; header_4_font_size=&#8220;12px&#8220; locked=&#8220;off&#8220;]<\/p>\n<p><strong>Hoseld\u00f6rper Norichten Juli 2019 &#8211; Artikel S\u00fcderelv<\/strong><\/p>\n<p>&nbsp;<\/p>\n<p>[\/et_pb_text][et_pb_image src=&#8220;http:\/\/www.wsc-haseldorf.de\/wp-content\/uploads\/2020\/02\/Vorschaubild-Artikel-Kloenschnack.jpg&#8220; url=&#8220;http:\/\/www.wsc-haseldorf.de\/wp-content\/uploads\/2020\/01\/Hoseldoerper-Norichten_Kloenschnack-Artikel_Dezember-2018.pdf&#8220; url_new_window=&#8220;on&#8220; src_last_edited=&#8220;off|desktop&#8220; _builder_version=&#8220;4.0.11&#8243; locked=&#8220;off&#8220; src__hover_enabled=&#8220;off|desktop&#8220;][\/et_pb_image][et_pb_text content_tablet=&#8220;<\/p>\n<p><strong data-wp-editing=%221%22>Hoseld\u00f6rper Norichten Dezember 2018 &#8211; Artikel Kl\u00f6nschnack<\/strong><\/p>\n<p>&#8220; content_phone=&#8220;<\/p>\n<p><strong data-wp-editing=%221%22>Hoseld\u00f6rper Norichten Dezember 2018 &#8211; Artikel Kl\u00f6nschnack<\/strong><\/p>\n<p>&#8220; content_last_edited=&#8220;on|desktop&#8220; _builder_version=&#8220;4.0.11&#8243; header_4_font=&#8220;|700|||||||&#8220; header_4_font_size=&#8220;12px&#8220; locked=&#8220;off&#8220;]<\/p>\n<p><strong data-wp-editing=\"1\">Hoseld\u00f6rper Norichten Dezember 2018 &#8211; Artikel Kl\u00f6nschnack<\/strong><\/p>\n<p>&nbsp;<\/p>\n<p>[\/et_pb_text][et_pb_image src=&#8220;http:\/\/www.wsc-haseldorf.de\/wp-content\/uploads\/2020\/02\/Artikel.jpg&#8220; url=&#8220;http:\/\/www.wsc-haseldorf.de\/wp-content\/uploads\/2020\/01\/Hoseldoerper-Norichten_Jugendgruppe-Artikel_Mai-2018.pdf&#8220; url_new_window=&#8220;on&#8220; _builder_version=&#8220;4.0.11&#8243; locked=&#8220;off&#8220;][\/et_pb_image][et_pb_text _builder_version=&#8220;4.0.11&#8243; header_4_font=&#8220;|700|||||||&#8220; header_4_font_size=&#8220;12px&#8220;]<\/p>\n<p><strong>Hoseld\u00f6rper Norichten Mai 2018 &#8211; Artikel zur Jugendgruppe<\/strong><\/p>\n<p>&nbsp;<\/p>\n<p>[\/et_pb_text][et_pb_image src=&#8220;http:\/\/www.wsc-haseldorf.de\/wp-content\/uploads\/2020\/02\/Vorschaubild-Artikel-Hafenhaus.jpg&#8220; url=&#8220;http:\/\/www.wsc-haseldorf.de\/wp-content\/uploads\/2020\/01\/Hoseldoerper-Norichten_Hafenhaus-Artikel_Dezember-2017.pdf&#8220; url_new_window=&#8220;on&#8220; _builder_version=&#8220;4.0.11&#8243; locked=&#8220;off&#8220;][\/et_pb_image][et_pb_text _builder_version=&#8220;4.0.11&#8243; header_4_font=&#8220;|700|||||||&#8220; header_4_font_size=&#8220;12px&#8220;]<\/p>\n<p><strong>Hoseld\u00f6rper Norichten Dezember 2017 &#8211; Artikel zum Hafenhaus<\/strong><\/p>\n<p>&nbsp;<\/p>\n<p>[\/et_pb_text][et_pb_image src=&#8220;http:\/\/www.wsc-haseldorf.de\/wp-content\/uploads\/2020\/02\/Vorschaubild-Artikel-Hafenschlepper.jpg&#8220; url=&#8220;http:\/\/www.wsc-haseldorf.de\/wp-content\/uploads\/2020\/01\/Hamburger-Abendblatt_Hafenschlepper-Bigfoot_September-2017.pdf&#8220; url_new_window=&#8220;on&#8220; _builder_version=&#8220;4.0.11&#8243; locked=&#8220;off&#8220;][\/et_pb_image][et_pb_text _builder_version=&#8220;4.0.11&#8243; header_4_font=&#8220;|700|||||||&#8220; header_4_font_size=&#8220;12px&#8220; locked=&#8220;off&#8220;]<\/p>\n<p><strong>Hamburger Abendblatt September 2017 &#8211; Artikel zum Hafenschlepper<\/strong><\/p>\n<p>&nbsp;<\/p>\n<p>[\/et_pb_text][et_pb_image src=&#8220;http:\/\/www.wsc-haseldorf.de\/wp-content\/uploads\/2020\/02\/Vorschaubild-Artikel-Hafenmeister.jpg&#8220; url=&#8220;http:\/\/www.wsc-haseldorf.de\/wp-content\/uploads\/2020\/01\/Hamburger-Abendblatt_Hafenmeister_Juli-2017.pdf&#8220; url_new_window=&#8220;on&#8220; _builder_version=&#8220;4.0.11&#8243; locked=&#8220;off&#8220;][\/et_pb_image][et_pb_text _builder_version=&#8220;4.0.11&#8243; header_4_font=&#8220;|700|||||||&#8220; header_4_font_size=&#8220;12px&#8220; locked=&#8220;off&#8220;]<\/p>\n<p><strong>Hamburger Abendblatt Juli 2017 &#8211; Artikel zum Hafenmeister<\/strong><\/p>\n<p>&nbsp;<\/p>\n<p>[\/et_pb_text][et_pb_image src=&#8220;http:\/\/www.wsc-haseldorf.de\/wp-content\/uploads\/2020\/02\/Vorschaubild-Artikel-Bullerjan.jpg&#8220; url=&#8220;http:\/\/www.wsc-haseldorf.de\/wp-content\/uploads\/2020\/01\/Hoseldoerper-Norichten_Bulerjan-Artikel_April-2016.jpg&#8220; url_new_window=&#8220;on&#8220; _builder_version=&#8220;4.0.11&#8243; locked=&#8220;off&#8220;][\/et_pb_image][et_pb_text content_tablet=&#8220;<\/p>\n<p><strong>Hoseld\u00f6rper Norichten April 2016 &#8211; Artikel Bullerjan<\/strong><\/p>\n<p>&#8220; content_phone=&#8220;<\/p>\n<p><strong>Hoseld\u00f6rper Norichten April 2016 &#8211; Artikel Bullerjan<\/strong><\/p>\n<p>&#8220; content_last_edited=&#8220;on|phone&#8220; _builder_version=&#8220;4.0.11&#8243; header_4_font=&#8220;|700|||||||&#8220; header_4_font_size=&#8220;12px&#8220; locked=&#8220;off&#8220;]<\/p>\n<p><strong>Hoseld\u00f6rper Norichten April 2016 &#8211; Artikel Bullerjan<\/strong><\/p>\n<p>&nbsp;<\/p>\n<p>[\/et_pb_text][\/et_pb_column][\/et_pb_row][\/et_pb_section][et_pb_section fb_built=&#8220;1&#8243; _builder_version=&#8220;3.22&#8243;][et_pb_row column_structure=&#8220;3_4,1_4&#8243; _builder_version=&#8220;3.25&#8243; background_size=&#8220;initial&#8220; background_position=&#8220;top_left&#8220; background_repeat=&#8220;repeat&#8220;][et_pb_column type=&#8220;3_4&#8243; _builder_version=&#8220;3.25&#8243; custom_padding=&#8220;|||&#8220; custom_padding__hover=&#8220;|||&#8220;][\/et_pb_column][et_pb_column type=&#8220;1_4&#8243; _builder_version=&#8220;3.25&#8243; custom_padding=&#8220;|||&#8220; custom_padding__hover=&#8220;|||&#8220;][\/et_pb_column][\/et_pb_row][\/et_pb_section]<\/p>\n","protected":false},"excerpt":{"rendered":"<p>Presseberichte Immer wieder erscheinen Artikel \u00fcber den Wassersportclub in regionalen Printmedien.Auch unsere Mitglieder verfassen bisweilen eigene Reiseberichte von interessanten T\u00f6rns. Hier geben wir Einblick in einige Berichte der letzten Zeit.Hoseld\u00f6rper Norichten April 2020 &#8211; Artikel \u00fcber Ernst Rellensmann &nbsp; Reisebericht Februar 2020 &#8211; Kanarent\u00f6rn &nbsp;Hoseld\u00f6rper Norichten Juli 2019 &#8211; Artikel S\u00fcderelv &nbsp;Hoseld\u00f6rper Norichten Dezember 2018 [&hellip;]<\/p>\n","protected":false},"author":1,"featured_media":0,"parent":0,"menu_order":0,"comment_status":"closed","ping_status":"closed","template":"","meta":{"_et_pb_use_builder":"on","_et_pb_old_content":"","_et_gb_content_width":"","footnotes":""},"class_list":["post-634","page","type-page","status-publish","hentry"],"_links":{"self":[{"href":"https:\/\/www.wsc-haseldorf.de\/index.php?rest_route=\/wp\/v2\/pages\/634","targetHints":{"allow":["GET"]}}],"collection":[{"href":"https:\/\/www.wsc-haseldorf.de\/index.php?rest_route=\/wp\/v2\/pages"}],"about":[{"href":"https:\/\/www.wsc-haseldorf.de\/index.php?rest_route=\/wp\/v2\/types\/page"}],"author":[{"embeddable":true,"href":"https:\/\/www.wsc-haseldorf.de\/index.php?rest_route=\/wp\/v2\/users\/1"}],"replies":[{"embeddable":true,"href":"https:\/\/www.wsc-haseldorf.de\/index.php?rest_route=%2Fwp%2Fv2%2Fcomments&post=634"}],"version-history":[{"count":60,"href":"https:\/\/www.wsc-haseldorf.de\/index.php?rest_route=\/wp\/v2\/pages\/634\/revisions"}],"predecessor-version":[{"id":1267,"href":"https:\/\/www.wsc-haseldorf.de\/index.php?rest_route=\/wp\/v2\/pages\/634\/revisions\/1267"}],"wp:attachment":[{"href":"https:\/\/www.wsc-haseldorf.de\/index.php?rest_route=%2Fwp%2Fv2%2Fmedia&parent=634"}],"curies":[{"name":"wp","href":"https:\/\/api.w.org\/{rel}","templated":true}]}}