{"id":7,"date":"2018-01-16T12:33:25","date_gmt":"2018-01-16T12:33:25","guid":{"rendered":"http:\/\/entwicklung.he-internet.de\/wp_wsch\/?page_id=7"},"modified":"2022-05-29T18:24:39","modified_gmt":"2022-05-29T18:24:39","slug":"home","status":"publish","type":"page","link":"https:\/\/www.wsc-haseldorf.de\/","title":{"rendered":"Home"},"content":{"rendered":"<p>[et_pb_section fb_built=&#8220;1&#8243; inner_shadow=&#8220;on&#8220; _builder_version=&#8220;4.16&#8243; background_color=&#8220;rgba(255,255,255,0)&#8220; global_colors_info=&#8220;{}&#8220;][et_pb_row _builder_version=&#8220;4.16&#8243; background_color=&#8220;rgba(255,255,255,0)&#8220; global_colors_info=&#8220;{}&#8220;][et_pb_column type=&#8220;4_4&#8243; _builder_version=&#8220;4.16&#8243; custom_padding=&#8220;|||&#8220; global_colors_info=&#8220;{}&#8220; custom_padding__hover=&#8220;|||&#8220;][et_pb_text admin_label=&#8220;News&#8220; _builder_version=&#8220;4.16&#8243; global_colors_info=&#8220;{}&#8220;]<\/p>\n<div id=\"mtphr-dnt-380\" class=\"mtphr-dnt mtphr-dnt-380 mtphr-dnt-default mtphr-dnt-scroll mtphr-dnt-scroll-left\"><div class=\"mtphr-dnt-wrapper mtphr-dnt-clearfix\"><div class=\"mtphr-dnt-tick-container\"><div class=\"mtphr-dnt-tick-contents\"><div class=\"mtphr-dnt-tick mtphr-dnt-default-tick mtphr-dnt-clearfix \">+++ Wir hei\u00dfen die G\u00e4ste unseres Hafens an der Haseldorfer Binnenelbe herzlich willkommen und freuen uns auf eine wundersch\u00f6ne Wassersportsaison 2026. +++<\/div><\/div><\/div><\/div><\/div>\n<p>[\/et_pb_text][et_pb_slider module_class=&#8220;wschslider&#8220; _builder_version=&#8220;4.16&#8243; header_level=&#8220;h1&#8243; header_font=&#8220;Archivo||||||||&#8220; custom_padding=&#8220;-20px|||&#8220; animation_style=&#8220;fold&#8220; animation_duration=&#8220;1350ms&#8220; auto=&#8220;on&#8220; auto_speed=&#8220;6000&#8243; header_text_shadow_style=&#8220;preset1&#8243; box_shadow_style=&#8220;preset6&#8243; box_shadow_blur=&#8220;10px&#8220; box_shadow_color=&#8220;rgba(0,0,0,0.1)&#8220; show_inner_shadow=&#8220;on&#8220; global_colors_info=&#8220;{}&#8220; button_text_size__hover_enabled=&#8220;off&#8220; button_one_text_size__hover_enabled=&#8220;off&#8220; button_two_text_size__hover_enabled=&#8220;off&#8220; button_text_color__hover_enabled=&#8220;off&#8220; button_one_text_color__hover_enabled=&#8220;off&#8220; button_two_text_color__hover_enabled=&#8220;off&#8220; button_border_width__hover_enabled=&#8220;off&#8220; button_one_border_width__hover_enabled=&#8220;off&#8220; button_two_border_width__hover_enabled=&#8220;off&#8220; button_border_color__hover_enabled=&#8220;off&#8220; button_one_border_color__hover_enabled=&#8220;off&#8220; button_two_border_color__hover_enabled=&#8220;off&#8220; button_border_radius__hover_enabled=&#8220;off&#8220; button_one_border_radius__hover_enabled=&#8220;off&#8220; button_two_border_radius__hover_enabled=&#8220;off&#8220; button_letter_spacing__hover_enabled=&#8220;off&#8220; button_one_letter_spacing__hover_enabled=&#8220;off&#8220; button_two_letter_spacing__hover_enabled=&#8220;off&#8220; button_bg_color__hover_enabled=&#8220;off&#8220; button_one_bg_color__hover_enabled=&#8220;off&#8220; button_two_bg_color__hover_enabled=&#8220;off&#8220;][et_pb_slide use_bg_overlay=&#8220;off&#8220; use_text_overlay=&#8220;off&#8220; dot_nav_custom_color=&#8220;#5882dd&#8220; _builder_version=&#8220;4.16&#8243; header_font=&#8220;Allura|600|||||||&#8220; header_font_size=&#8220;80&#8243; body_font=&#8220;Archivo||||||||&#8220; body_text_align=&#8220;center&#8220; body_text_color=&#8220;#ffffff&#8220; body_font_size=&#8220;70&#8243; background_color=&#8220;#ffffff&#8220; background_image=&#8220;http:\/\/www.wsc-haseldorf.de\/wp-content\/uploads\/2018\/01\/home1-mit-schrift.jpg&#8220; background_position=&#8220;top_center&#8220; button_on_hover=&#8220;on&#8220; header_font_size_tablet=&#8220;70&#8243; header_font_size_phone=&#8220;70&#8243; body_font_size_tablet=&#8220;70&#8243; body_font_size_phone=&#8220;70&#8243; header_text_shadow_style=&#8220;preset3&#8243; header_text_shadow_blur_strength=&#8220;0.05em&#8220; header_text_shadow_color=&#8220;rgba(0,0,0,0.9)&#8220; body_text_shadow_style=&#8220;preset1&#8243; text_shadow_style=&#8220;preset1&#8243; global_colors_info=&#8220;{}&#8220; button_text_size__hover_enabled=&#8220;off&#8220; button_one_text_size__hover_enabled=&#8220;off&#8220; button_two_text_size__hover_enabled=&#8220;off&#8220; button_text_color__hover_enabled=&#8220;off&#8220; button_one_text_color__hover_enabled=&#8220;off&#8220; button_two_text_color__hover_enabled=&#8220;off&#8220; button_border_width__hover_enabled=&#8220;off&#8220; button_one_border_width__hover_enabled=&#8220;off&#8220; button_two_border_width__hover_enabled=&#8220;off&#8220; button_border_color__hover_enabled=&#8220;off&#8220; button_one_border_color__hover_enabled=&#8220;off&#8220; button_two_border_color__hover_enabled=&#8220;off&#8220; button_border_radius__hover_enabled=&#8220;off&#8220; button_one_border_radius__hover_enabled=&#8220;off&#8220; button_two_border_radius__hover_enabled=&#8220;off&#8220; button_letter_spacing__hover_enabled=&#8220;off&#8220; button_one_letter_spacing__hover_enabled=&#8220;off&#8220; button_two_letter_spacing__hover_enabled=&#8220;off&#8220; button_bg_color__hover_enabled=&#8220;off&#8220; button_one_bg_color__hover_enabled=&#8220;off&#8220; button_two_bg_color__hover_enabled=&#8220;off&#8220; sticky_transition=&#8220;on&#8220;][\/et_pb_slide][et_pb_slide use_bg_overlay=&#8220;off&#8220; use_text_overlay=&#8220;off&#8220; dot_nav_custom_color=&#8220;#5882dd&#8220; _builder_version=&#8220;4.16&#8243; header_font=&#8220;Allura|600|||||||&#8220; header_text_color=&#8220;#ffffff&#8220; header_font_size=&#8220;65&#8243; body_font=&#8220;Allura|600|||||||&#8220; body_text_align=&#8220;center&#8220; body_text_color=&#8220;#ffffff&#8220; body_font_size=&#8220;60&#8243; body_line_height=&#8220;1em&#8220; background_color=&#8220;#ffffff&#8220; background_image=&#8220;http:\/\/www.wsc-haseldorf.de\/wp-content\/uploads\/2018\/01\/home2-mit-schrift.jpg&#8220; background_position=&#8220;top_center&#8220; button_on_hover=&#8220;on&#8220; header_font_size_tablet=&#8220;70&#8243; header_font_size_phone=&#8220;70&#8243; body_font_size_tablet=&#8220;70&#8243; body_font_size_phone=&#8220;70&#8243; body_line_height_tablet=&#8220;10.2em&#8220; body_line_height_phone=&#8220;10.2em&#8220; header_text_shadow_style=&#8220;preset3&#8243; header_text_shadow_blur_strength=&#8220;0.05em&#8220; header_text_shadow_color=&#8220;rgba(0,0,0,0.9)&#8220; body_text_shadow_style=&#8220;preset3&#8243; body_text_shadow_blur_strength=&#8220;0.05em&#8220; body_text_shadow_color=&#8220;rgba(0,0,0,0.9)&#8220; text_shadow_style=&#8220;preset1&#8243; text_shadow_blur_strength=&#8220;0.02em&#8220; global_colors_info=&#8220;{}&#8220; button_text_size__hover_enabled=&#8220;off&#8220; button_one_text_size__hover_enabled=&#8220;off&#8220; button_two_text_size__hover_enabled=&#8220;off&#8220; button_text_color__hover_enabled=&#8220;off&#8220; button_one_text_color__hover_enabled=&#8220;off&#8220; button_two_text_color__hover_enabled=&#8220;off&#8220; button_border_width__hover_enabled=&#8220;off&#8220; button_one_border_width__hover_enabled=&#8220;off&#8220; button_two_border_width__hover_enabled=&#8220;off&#8220; button_border_color__hover_enabled=&#8220;off&#8220; button_one_border_color__hover_enabled=&#8220;off&#8220; button_two_border_color__hover_enabled=&#8220;off&#8220; button_border_radius__hover_enabled=&#8220;off&#8220; button_one_border_radius__hover_enabled=&#8220;off&#8220; button_two_border_radius__hover_enabled=&#8220;off&#8220; button_letter_spacing__hover_enabled=&#8220;off&#8220; button_one_letter_spacing__hover_enabled=&#8220;off&#8220; button_two_letter_spacing__hover_enabled=&#8220;off&#8220; button_bg_color__hover_enabled=&#8220;off&#8220; button_one_bg_color__hover_enabled=&#8220;off&#8220; button_two_bg_color__hover_enabled=&#8220;off&#8220; sticky_transition=&#8220;on&#8220;][\/et_pb_slide][et_pb_slide use_bg_overlay=&#8220;off&#8220; use_text_overlay=&#8220;off&#8220; dot_nav_custom_color=&#8220;#5882dd&#8220; _builder_version=&#8220;4.16&#8243; header_font=&#8220;Allura|600|||||||&#8220; header_font_size=&#8220;65&#8243; body_font=&#8220;Arial|600|||||||&#8220; body_text_align=&#8220;center&#8220; body_text_color=&#8220;#ffffff&#8220; body_font_size=&#8220;25&#8243; background_color=&#8220;#ffffff&#8220; background_image=&#8220;http:\/\/www.wsc-haseldorf.de\/wp-content\/uploads\/2018\/01\/home3-mit-schrift.jpg&#8220; background_position=&#8220;top_center&#8220; button_on_hover=&#8220;on&#8220; header_font_size_tablet=&#8220;70&#8243; header_font_size_phone=&#8220;70&#8243; body_font_size_tablet=&#8220;70&#8243; body_font_size_phone=&#8220;70&#8243; header_text_shadow_style=&#8220;preset3&#8243; header_text_shadow_blur_strength=&#8220;0.05em&#8220; header_text_shadow_color=&#8220;rgba(0,0,0,0.9)&#8220; body_text_shadow_style=&#8220;preset3&#8243; body_text_shadow_blur_strength=&#8220;0.1em&#8220; body_text_shadow_color=&#8220;rgba(0,0,0,0.9)&#8220; text_shadow_style=&#8220;preset3&#8243; text_shadow_blur_strength=&#8220;0.05em&#8220; text_shadow_color=&#8220;rgba(0,0,0,0.9)&#8220; global_colors_info=&#8220;{}&#8220; button_text_size__hover_enabled=&#8220;off&#8220; button_one_text_size__hover_enabled=&#8220;off&#8220; button_two_text_size__hover_enabled=&#8220;off&#8220; button_text_color__hover_enabled=&#8220;off&#8220; button_one_text_color__hover_enabled=&#8220;off&#8220; button_two_text_color__hover_enabled=&#8220;off&#8220; button_border_width__hover_enabled=&#8220;off&#8220; button_one_border_width__hover_enabled=&#8220;off&#8220; button_two_border_width__hover_enabled=&#8220;off&#8220; button_border_color__hover_enabled=&#8220;off&#8220; button_one_border_color__hover_enabled=&#8220;off&#8220; button_two_border_color__hover_enabled=&#8220;off&#8220; button_border_radius__hover_enabled=&#8220;off&#8220; button_one_border_radius__hover_enabled=&#8220;off&#8220; button_two_border_radius__hover_enabled=&#8220;off&#8220; button_letter_spacing__hover_enabled=&#8220;off&#8220; button_one_letter_spacing__hover_enabled=&#8220;off&#8220; button_two_letter_spacing__hover_enabled=&#8220;off&#8220; button_bg_color__hover_enabled=&#8220;off&#8220; button_one_bg_color__hover_enabled=&#8220;off&#8220; button_two_bg_color__hover_enabled=&#8220;off&#8220; sticky_transition=&#8220;on&#8220;][\/et_pb_slide][et_pb_slide use_bg_overlay=&#8220;off&#8220; use_text_overlay=&#8220;off&#8220; dot_nav_custom_color=&#8220;#5882dd&#8220; _builder_version=&#8220;4.16&#8243; header_font=&#8220;Allura|600|||||||&#8220; header_text_color=&#8220;#ffffff&#8220; header_font_size=&#8220;65&#8243; body_font=&#8220;Allura|600|||||||&#8220; body_text_align=&#8220;center&#8220; body_text_color=&#8220;#ffffff&#8220; body_font_size=&#8220;60&#8243; body_line_height=&#8220;1em&#8220; background_color=&#8220;#ffffff&#8220; background_image=&#8220;http:\/\/www.wsc-haseldorf.de\/wp-content\/uploads\/2018\/01\/home4-mit-schrift.jpg&#8220; background_position=&#8220;top_center&#8220; button_on_hover=&#8220;on&#8220; header_font_size_tablet=&#8220;70&#8243; header_font_size_phone=&#8220;70&#8243; body_font_size_tablet=&#8220;70&#8243; body_font_size_phone=&#8220;70&#8243; body_line_height_tablet=&#8220;10.2em&#8220; body_line_height_phone=&#8220;10.2em&#8220; header_text_shadow_style=&#8220;preset3&#8243; header_text_shadow_blur_strength=&#8220;0.05em&#8220; header_text_shadow_color=&#8220;rgba(0,0,0,0.9)&#8220; body_text_shadow_style=&#8220;preset3&#8243; body_text_shadow_blur_strength=&#8220;0.05em&#8220; body_text_shadow_color=&#8220;rgba(0,0,0,0.9)&#8220; text_shadow_style=&#8220;preset1&#8243; text_shadow_blur_strength=&#8220;0.02em&#8220; global_colors_info=&#8220;{}&#8220; button_text_size__hover_enabled=&#8220;off&#8220; button_one_text_size__hover_enabled=&#8220;off&#8220; button_two_text_size__hover_enabled=&#8220;off&#8220; button_text_color__hover_enabled=&#8220;off&#8220; button_one_text_color__hover_enabled=&#8220;off&#8220; button_two_text_color__hover_enabled=&#8220;off&#8220; button_border_width__hover_enabled=&#8220;off&#8220; button_one_border_width__hover_enabled=&#8220;off&#8220; button_two_border_width__hover_enabled=&#8220;off&#8220; button_border_color__hover_enabled=&#8220;off&#8220; button_one_border_color__hover_enabled=&#8220;off&#8220; button_two_border_color__hover_enabled=&#8220;off&#8220; button_border_radius__hover_enabled=&#8220;off&#8220; button_one_border_radius__hover_enabled=&#8220;off&#8220; button_two_border_radius__hover_enabled=&#8220;off&#8220; button_letter_spacing__hover_enabled=&#8220;off&#8220; button_one_letter_spacing__hover_enabled=&#8220;off&#8220; button_two_letter_spacing__hover_enabled=&#8220;off&#8220; button_bg_color__hover_enabled=&#8220;off&#8220; button_one_bg_color__hover_enabled=&#8220;off&#8220; button_two_bg_color__hover_enabled=&#8220;off&#8220; sticky_transition=&#8220;on&#8220;][\/et_pb_slide][et_pb_slide use_bg_overlay=&#8220;off&#8220; use_text_overlay=&#8220;off&#8220; dot_nav_custom_color=&#8220;#5882dd&#8220; _builder_version=&#8220;4.16&#8243; header_font=&#8220;Allura|600|||||||&#8220; header_text_color=&#8220;#ffffff&#8220; header_font_size=&#8220;65&#8243; body_font=&#8220;Allura|600|||||||&#8220; body_text_align=&#8220;center&#8220; body_text_color=&#8220;#ffffff&#8220; body_font_size=&#8220;60&#8243; body_line_height=&#8220;1em&#8220; background_color=&#8220;#ffffff&#8220; background_image=&#8220;http:\/\/www.wsc-haseldorf.de\/wp-content\/uploads\/2018\/01\/home5-mit-schrift.jpg&#8220; background_position=&#8220;top_center&#8220; button_on_hover=&#8220;on&#8220; header_font_size_tablet=&#8220;70&#8243; header_font_size_phone=&#8220;70&#8243; body_font_size_tablet=&#8220;70&#8243; body_font_size_phone=&#8220;70&#8243; body_line_height_tablet=&#8220;10.2em&#8220; body_line_height_phone=&#8220;10.2em&#8220; header_text_shadow_style=&#8220;preset3&#8243; header_text_shadow_blur_strength=&#8220;0.05em&#8220; header_text_shadow_color=&#8220;rgba(0,0,0,0.9)&#8220; body_text_shadow_style=&#8220;preset3&#8243; body_text_shadow_blur_strength=&#8220;0.05em&#8220; body_text_shadow_color=&#8220;rgba(0,0,0,0.9)&#8220; text_shadow_style=&#8220;preset1&#8243; text_shadow_blur_strength=&#8220;0.02em&#8220; global_colors_info=&#8220;{}&#8220; button_text_size__hover_enabled=&#8220;off&#8220; button_one_text_size__hover_enabled=&#8220;off&#8220; button_two_text_size__hover_enabled=&#8220;off&#8220; button_text_color__hover_enabled=&#8220;off&#8220; button_one_text_color__hover_enabled=&#8220;off&#8220; button_two_text_color__hover_enabled=&#8220;off&#8220; button_border_width__hover_enabled=&#8220;off&#8220; button_one_border_width__hover_enabled=&#8220;off&#8220; button_two_border_width__hover_enabled=&#8220;off&#8220; button_border_color__hover_enabled=&#8220;off&#8220; button_one_border_color__hover_enabled=&#8220;off&#8220; button_two_border_color__hover_enabled=&#8220;off&#8220; button_border_radius__hover_enabled=&#8220;off&#8220; button_one_border_radius__hover_enabled=&#8220;off&#8220; button_two_border_radius__hover_enabled=&#8220;off&#8220; button_letter_spacing__hover_enabled=&#8220;off&#8220; button_one_letter_spacing__hover_enabled=&#8220;off&#8220; button_two_letter_spacing__hover_enabled=&#8220;off&#8220; button_bg_color__hover_enabled=&#8220;off&#8220; button_one_bg_color__hover_enabled=&#8220;off&#8220; button_two_bg_color__hover_enabled=&#8220;off&#8220; sticky_transition=&#8220;on&#8220;][\/et_pb_slide][et_pb_slide use_bg_overlay=&#8220;off&#8220; use_text_overlay=&#8220;off&#8220; dot_nav_custom_color=&#8220;#5882dd&#8220; _builder_version=&#8220;4.16&#8243; header_font=&#8220;Allura|600|||||||&#8220; header_text_color=&#8220;#ffffff&#8220; header_font_size=&#8220;65&#8243; body_font=&#8220;Allura|600|||||||&#8220; body_text_align=&#8220;center&#8220; body_text_color=&#8220;#ffffff&#8220; body_font_size=&#8220;60&#8243; body_line_height=&#8220;1em&#8220; background_color=&#8220;#ffffff&#8220; background_image=&#8220;http:\/\/www.wsc-haseldorf.de\/wp-content\/uploads\/2018\/01\/home6-mit-schrift.jpg&#8220; background_position=&#8220;top_center&#8220; button_on_hover=&#8220;on&#8220; header_font_size_tablet=&#8220;70&#8243; header_font_size_phone=&#8220;70&#8243; body_font_size_tablet=&#8220;70&#8243; body_font_size_phone=&#8220;70&#8243; body_line_height_tablet=&#8220;10.2em&#8220; body_line_height_phone=&#8220;10.2em&#8220; header_text_shadow_style=&#8220;preset3&#8243; header_text_shadow_blur_strength=&#8220;0.05em&#8220; header_text_shadow_color=&#8220;rgba(0,0,0,0.9)&#8220; body_text_shadow_style=&#8220;preset3&#8243; body_text_shadow_blur_strength=&#8220;0.05em&#8220; body_text_shadow_color=&#8220;rgba(0,0,0,0.9)&#8220; text_shadow_style=&#8220;preset1&#8243; text_shadow_blur_strength=&#8220;0.02em&#8220; global_colors_info=&#8220;{}&#8220; button_text_size__hover_enabled=&#8220;off&#8220; button_one_text_size__hover_enabled=&#8220;off&#8220; button_two_text_size__hover_enabled=&#8220;off&#8220; button_text_color__hover_enabled=&#8220;off&#8220; button_one_text_color__hover_enabled=&#8220;off&#8220; button_two_text_color__hover_enabled=&#8220;off&#8220; button_border_width__hover_enabled=&#8220;off&#8220; button_one_border_width__hover_enabled=&#8220;off&#8220; button_two_border_width__hover_enabled=&#8220;off&#8220; button_border_color__hover_enabled=&#8220;off&#8220; button_one_border_color__hover_enabled=&#8220;off&#8220; button_two_border_color__hover_enabled=&#8220;off&#8220; button_border_radius__hover_enabled=&#8220;off&#8220; button_one_border_radius__hover_enabled=&#8220;off&#8220; button_two_border_radius__hover_enabled=&#8220;off&#8220; button_letter_spacing__hover_enabled=&#8220;off&#8220; button_one_letter_spacing__hover_enabled=&#8220;off&#8220; button_two_letter_spacing__hover_enabled=&#8220;off&#8220; button_bg_color__hover_enabled=&#8220;off&#8220; button_one_bg_color__hover_enabled=&#8220;off&#8220; button_two_bg_color__hover_enabled=&#8220;off&#8220; sticky_transition=&#8220;on&#8220;][\/et_pb_slide][\/et_pb_slider][\/et_pb_column][\/et_pb_row][\/et_pb_section]<\/p>\n","protected":false},"excerpt":{"rendered":"<div id=\"mtphr-dnt-380\" class=\"mtphr-dnt mtphr-dnt-380 mtphr-dnt-default mtphr-dnt-scroll mtphr-dnt-scroll-left\"><div class=\"mtphr-dnt-wrapper mtphr-dnt-clearfix\"><div class=\"mtphr-dnt-tick-container\"><div class=\"mtphr-dnt-tick-contents\"><div class=\"mtphr-dnt-tick mtphr-dnt-default-tick mtphr-dnt-clearfix \">+++ Wir hei\u00dfen die G\u00e4ste unseres Hafens an der Haseldorfer Binnenelbe herzlich willkommen und freuen uns auf eine wundersch\u00f6ne Wassersportsaison 2026. +++<\/div><\/div><\/div><\/div><\/div>\n","protected":false},"author":1,"featured_media":0,"parent":0,"menu_order":0,"comment_status":"closed","ping_status":"closed","template":"","meta":{"_et_pb_use_builder":"on","_et_pb_old_content":"","_et_gb_content_width":"","footnotes":""},"class_list":["post-7","page","type-page","status-publish","hentry"],"_links":{"self":[{"href":"https:\/\/www.wsc-haseldorf.de\/index.php?rest_route=\/wp\/v2\/pages\/7","targetHints":{"allow":["GET"]}}],"collection":[{"href":"https:\/\/www.wsc-haseldorf.de\/index.php?rest_route=\/wp\/v2\/pages"}],"about":[{"href":"https:\/\/www.wsc-haseldorf.de\/index.php?rest_route=\/wp\/v2\/types\/page"}],"author":[{"embeddable":true,"href":"https:\/\/www.wsc-haseldorf.de\/index.php?rest_route=\/wp\/v2\/users\/1"}],"replies":[{"embeddable":true,"href":"https:\/\/www.wsc-haseldorf.de\/index.php?rest_route=%2Fwp%2Fv2%2Fcomments&post=7"}],"version-history":[{"count":93,"href":"https:\/\/www.wsc-haseldorf.de\/index.php?rest_route=\/wp\/v2\/pages\/7\/revisions"}],"predecessor-version":[{"id":1319,"href":"https:\/\/www.wsc-haseldorf.de\/index.php?rest_route=\/wp\/v2\/pages\/7\/revisions\/1319"}],"wp:attachment":[{"href":"https:\/\/www.wsc-haseldorf.de\/index.php?rest_route=%2Fwp%2Fv2%2Fmedia&parent=7"}],"curies":[{"name":"wp","href":"https:\/\/api.w.org\/{rel}","templated":true}]}}