{"id":711,"date":"2018-12-17T14:32:06","date_gmt":"2018-12-17T14:32:06","guid":{"rendered":"http:\/\/entwicklung.he-internet.de\/wp_wsch\/?page_id=711"},"modified":"2021-02-07T12:17:36","modified_gmt":"2021-02-07T12:17:36","slug":"hafenkarte","status":"publish","type":"page","link":"https:\/\/www.wsc-haseldorf.de\/?page_id=711","title":{"rendered":"Hafenkarte"},"content":{"rendered":"<p>[et_pb_section fb_built=&#8220;1&#8243; _builder_version=&#8220;3.22&#8243; background_color=&#8220;#ffffff&#8220;][et_pb_row _builder_version=&#8220;3.25&#8243; background_color=&#8220;rgba(255,255,255,0)&#8220;][et_pb_column type=&#8220;4_4&#8243; _builder_version=&#8220;3.25&#8243; custom_padding=&#8220;|||&#8220; custom_padding__hover=&#8220;|||&#8220;][et_pb_image src=&#8220;http:\/\/www.wsc-haseldorf.de\/wp-content\/uploads\/2018\/01\/slider-Hafen-Haseldorf.jpg&#8220; align=&#8220;center&#8220; align_tablet=&#8220;center&#8220; align_last_edited=&#8220;on|desktop&#8220; _builder_version=&#8220;3.23&#8243; custom_padding=&#8220;-10px|||&#8220;]<br \/>\n[\/et_pb_image][\/et_pb_column][\/et_pb_row][et_pb_row _builder_version=&#8220;3.25&#8243; background_color=&#8220;#ffffff&#8220; custom_margin=&#8220;-11px|||&#8220; column_structure=&#8220;2_3,1_3&#8243;][et_pb_column type=&#8220;2_3&#8243; _builder_version=&#8220;3.25&#8243; custom_padding=&#8220;|||&#8220; custom_padding__hover=&#8220;|||&#8220;][et_pb_text _builder_version=&#8220;4.8.2&#8243; text_font=&#8220;Archivo||||||||&#8220; custom_padding=&#8220;50px|||50px&#8220; hover_enabled=&#8220;0&#8243; sticky_enabled=&#8220;0&#8243;]<\/p>\n<h1>Hafenkarte<\/h1>\n<p>[\/et_pb_text][et_pb_text _builder_version=&#8220;4.8.2&#8243; custom_padding=&#8220;|50px||50px&#8220; hover_enabled=&#8220;0&#8243; sticky_enabled=&#8220;0&#8243;]<\/p>\n<p>Um Euch die Orientierung in unserem Hafen zu erleichtern, haben wir die nebenstehende graphische Darstellung entwickelt. Durch einfaches Anklicken entfaltet sie sich zu lesbarer Gr\u00f6\u00dfe.<\/p>\n<p>Es empfiehlt sich f\u00fcr tiefergehende sowie l\u00e4ngere Boote die im Hauptstrom liegenden Liegepl\u00e4tze anzusteuern. Die Steganlage ist als Schwimmstege ausgelegt und f\u00e4llt gemeinsam mit den Booten trocken.<span class=\"Apple-converted-space\">\u00a0<\/span><\/p>\n<p>Beim Festmachen an der Kaimauer ist dem Tidenhub unbedingt Bedeutung beizumessen. Es soll schon K\u00fcnstler gegeben haben, die es fertig gebracht haben, ihre Sch\u00e4tzchen bei Niedrigwasser frei h\u00e4ngend an der Kaimauer zu pr\u00e4sentieren. <span class=\"Apple-converted-space\">\u00a0 \u00a0<\/span><\/p>\n<p>[\/et_pb_text][et_pb_divider show_divider=&#8220;off&#8220; _builder_version=&#8220;3.19&#8243; height=&#8220;100px&#8220;]<br \/>\n[\/et_pb_divider][et_pb_divider show_divider=&#8220;off&#8220; _builder_version=&#8220;3.2&#8243; height=&#8220;15px&#8220;]<br \/>\n[\/et_pb_divider][\/et_pb_column][et_pb_column type=&#8220;1_3&#8243; _builder_version=&#8220;3.25&#8243; custom_padding=&#8220;|||&#8220; custom_padding__hover=&#8220;|||&#8220;][et_pb_image src=&#8220;http:\/\/www.wsc-haseldorf.de\/wp-content\/uploads\/2019\/01\/\u00d6ffentlich_Unser-Hafen_Hafenkarte-schematisch2019-01-17.jpg&#8220; show_in_lightbox=&#8220;on&#8220; align_tablet=&#8220;center&#8220; align_last_edited=&#8220;on|desktop&#8220; _builder_version=&#8220;3.23&#8243; custom_padding=&#8220;100px|50px||&#8220; animation_style=&#8220;slide&#8220;]<br \/>\n[\/et_pb_image][et_pb_image src=&#8220;http:\/\/www.wsc-haseldorf.de\/wp-content\/uploads\/2018\/12\/Priel.jpg&#8220; show_in_lightbox=&#8220;on&#8220; align_tablet=&#8220;center&#8220; align_last_edited=&#8220;on|desktop&#8220; _builder_version=&#8220;3.23&#8243; custom_padding=&#8220;|50px||&#8220; animation_style=&#8220;slide&#8220;]<br \/>\n[\/et_pb_image][et_pb_divider show_divider=&#8220;off&#8220; _builder_version=&#8220;3.18.7&#8243; height=&#8220;50px&#8220;]<br \/>\n[\/et_pb_divider][\/et_pb_column][\/et_pb_row][\/et_pb_section][et_pb_section fb_built=&#8220;1&#8243; _builder_version=&#8220;3.22&#8243; background_color=&#8220;rgba(255,255,255,0)&#8220;][\/et_pb_section][et_pb_section fb_built=&#8220;1&#8243; _builder_version=&#8220;3.22&#8243;][et_pb_row _builder_version=&#8220;3.25&#8243; background_size=&#8220;initial&#8220; background_position=&#8220;top_left&#8220; background_repeat=&#8220;repeat&#8220; column_structure=&#8220;3_4,1_4&#8243;][et_pb_column type=&#8220;3_4&#8243; _builder_version=&#8220;3.25&#8243; custom_padding=&#8220;|||&#8220; custom_padding__hover=&#8220;|||&#8220;][\/et_pb_column][et_pb_column type=&#8220;1_4&#8243; _builder_version=&#8220;3.25&#8243; custom_padding=&#8220;|||&#8220; custom_padding__hover=&#8220;|||&#8220;][\/et_pb_column][\/et_pb_row][\/et_pb_section]<\/p>\n","protected":false},"excerpt":{"rendered":"<p>HafenkarteUm Euch die Orientierung in unserem Hafen zu erleichtern, haben wir die nebenstehende graphische Darstellung entwickelt. Durch einfaches Anklicken entfaltet sie sich zu lesbarer Gr\u00f6\u00dfe. Es empfiehlt sich f\u00fcr tiefergehende sowie l\u00e4ngere Boote die im Hauptstrom liegenden Liegepl\u00e4tze anzusteuern. Die Steganlage ist als Schwimmstege ausgelegt und f\u00e4llt gemeinsam mit den Booten trocken.\u00a0 Beim Festmachen an [&hellip;]<\/p>\n","protected":false},"author":1,"featured_media":0,"parent":0,"menu_order":0,"comment_status":"closed","ping_status":"closed","template":"","meta":{"_et_pb_use_builder":"on","_et_pb_old_content":"","_et_gb_content_width":"","footnotes":""},"class_list":["post-711","page","type-page","status-publish","hentry"],"_links":{"self":[{"href":"https:\/\/www.wsc-haseldorf.de\/index.php?rest_route=\/wp\/v2\/pages\/711","targetHints":{"allow":["GET"]}}],"collection":[{"href":"https:\/\/www.wsc-haseldorf.de\/index.php?rest_route=\/wp\/v2\/pages"}],"about":[{"href":"https:\/\/www.wsc-haseldorf.de\/index.php?rest_route=\/wp\/v2\/types\/page"}],"author":[{"embeddable":true,"href":"https:\/\/www.wsc-haseldorf.de\/index.php?rest_route=\/wp\/v2\/users\/1"}],"replies":[{"embeddable":true,"href":"https:\/\/www.wsc-haseldorf.de\/index.php?rest_route=%2Fwp%2Fv2%2Fcomments&post=711"}],"version-history":[{"count":7,"href":"https:\/\/www.wsc-haseldorf.de\/index.php?rest_route=\/wp\/v2\/pages\/711\/revisions"}],"predecessor-version":[{"id":1272,"href":"https:\/\/www.wsc-haseldorf.de\/index.php?rest_route=\/wp\/v2\/pages\/711\/revisions\/1272"}],"wp:attachment":[{"href":"https:\/\/www.wsc-haseldorf.de\/index.php?rest_route=%2Fwp%2Fv2%2Fmedia&parent=711"}],"curies":[{"name":"wp","href":"https:\/\/api.w.org\/{rel}","templated":true}]}}