{"id":785,"date":"2018-12-17T20:26:10","date_gmt":"2018-12-17T20:26:10","guid":{"rendered":"http:\/\/entwicklung.he-internet.de\/wp_wsch\/?page_id=785"},"modified":"2026-03-05T17:42:52","modified_gmt":"2026-03-05T17:42:52","slug":"impressum","status":"publish","type":"page","link":"https:\/\/www.wsc-haseldorf.de\/?page_id=785","title":{"rendered":"Impressum"},"content":{"rendered":"<p>[et_pb_section fb_built=&#8220;1&#8243; _builder_version=&#8220;4.16&#8243; background_color=&#8220;#ffffff&#8220; global_colors_info=&#8220;{}&#8220;][et_pb_row _builder_version=&#8220;4.16&#8243; background_color=&#8220;rgba(255,255,255,0)&#8220; global_colors_info=&#8220;{}&#8220;][et_pb_column type=&#8220;4_4&#8243; _builder_version=&#8220;4.16&#8243; custom_padding=&#8220;|||&#8220; global_colors_info=&#8220;{}&#8220; custom_padding__hover=&#8220;|||&#8220;][et_pb_image src=&#8220;http:\/\/www.wsc-haseldorf.de\/wp-content\/uploads\/2018\/03\/slider-hafenmeister.jpg&#8220; align=&#8220;center&#8220; align_tablet=&#8220;center&#8220; align_phone=&#8220;center&#8220; align_last_edited=&#8220;on|desktop&#8220; _builder_version=&#8220;4.16&#8243; custom_padding=&#8220;-10px|||&#8220; global_colors_info=&#8220;{}&#8220;]<br \/>\n[\/et_pb_image][\/et_pb_column][\/et_pb_row][\/et_pb_section][et_pb_section fb_built=&#8220;1&#8243; _builder_version=&#8220;4.16&#8243; background_color=&#8220;rgba(255,255,255,0)&#8220; global_colors_info=&#8220;{}&#8220;][et_pb_row column_structure=&#8220;2_3,1_3&#8243; _builder_version=&#8220;4.16&#8243; background_color=&#8220;#ffffff&#8220; custom_margin=&#8220;-11px|||&#8220; global_colors_info=&#8220;{}&#8220;][et_pb_column type=&#8220;2_3&#8243; _builder_version=&#8220;4.16&#8243; custom_padding=&#8220;|||&#8220; global_colors_info=&#8220;{}&#8220; custom_padding__hover=&#8220;|||&#8220;][et_pb_text _builder_version=&#8220;4.16.1&#8243; text_font=&#8220;Archivo||||||||&#8220; custom_padding=&#8220;50px|||50px&#8220; global_colors_info=&#8220;{}&#8220;]<\/p>\n<h1>Impressum<\/h1>\n<p>[\/et_pb_text][et_pb_text _builder_version=&#8220;4.18.0&#8243; custom_padding=&#8220;|50px||50px&#8220; global_colors_info=&#8220;{}&#8220;]<\/p>\n<p>Wassersport-Club Haseldorf e. V.<br \/>Ulmenweg 12<br \/>25492 Heist<br \/>Telefon: +49 (0)172\/4573693<br \/>E-Mail: <a id=\"LPlnk953439\" href=\"mailto:a-p.ruland@t-online.de\" target=\"_blank\" rel=\"noopener noreferrer\" data-auth=\"NotApplicable\" data-linkindex=\"0\">a-p.ruland@t-online.de<\/a><\/p>\n<p><strong>Vertretung<br \/><\/strong>Gemeinschaftlich vertretungsbefugt:<\/p>\n<p>1. Vorsitzender: Dr. Peter Ruland<br \/>Ulmenweg 12<br \/>25492 Heist<br \/>Telefon: +49 (0)172 \/ 4573693<br \/>E-Mail: <a id=\"LPlnk953439\" href=\"mailto:a-p.ruland@t-online.de\" target=\"_blank\" rel=\"noopener noreferrer\" data-auth=\"NotApplicable\" data-linkindex=\"0\">a-p.ruland@t-online.de<\/a><\/p>\n<p>2. Vorsitzender: Stefan Nickels<br \/>Neuer Weg 61<br \/>25489 Haseldorf<br \/>Telefon: +49 (0)4129 \/ 95205<br \/>E-Mail: <a href=\"mailto:nickelsip@haseldorf.com\">nickels63@icloud.com<\/a><\/p>\n<p><strong>Das Impressum gilt f\u00fcr:<\/strong><br \/>http:\/\/www.wsc-haseldorf.de<\/p>\n<p><strong>Registereintrag<br \/><\/strong>Vereinsregister Amtsgericht Pinneberg<br \/>VR 217 EL<\/p>\n<p><strong>Inhaltlich verantwortlich<br \/><\/strong>Verantwortlicher f\u00fcr den Inhalt nach \u00a7 55 Abs. 2 RStV:<br \/>Dr. Peter Ruland<br \/>Ulmenweg 12<br \/>25492 Heist<\/p>\n<p><strong>Haftungsausschluss<br \/><\/strong>Die Informationen auf dieser Internetseite des Wassersport-Club Haseldorf e. V. werden kostenfrei f\u00fcr den Benutzer bereitgestellt. Die Inhalte sind urheberrechtlich gesch\u00fctzt. Jede Verwendung durch Dritte und jegliche gewerbliche oder entgeltliche Weiterverwendung bedarf der vorherigen schriftlichen Genehmigung des Wassersport-Clubs Haseldorf e. V. Der Verein \u00fcbernimmt \u2013 bei allem Bem\u00fchen um gr\u00f6\u00dftm\u00f6gliche fachliche Sorgfalt \u2013 keine Haftung f\u00fcr die Richtigkeit, Vollst\u00e4ndigkeit und Aktualit\u00e4t der bereitgestellten Informationen. Inhalte, die als Zitat gekennzeichnet oder mit einem Hinweis auf den Autor versehen sind, geben nicht die Meinung des Wassersport-Club Haseldorf e. V. wieder. Auf Inhalte verlinkter Webpr\u00e4senzen hat der Wassersport-Club Haseldorf e. V. keinen Einfluss. Sie geben nicht die Auffassung des Wassersport-Club Haseldorf e. V. wieder. Der Verein \u00fcbernimmt keinerlei rechtliche, redaktionelle oder urheberrechtliche Verantwortung f\u00fcr deren Inhalte.<\/p>\n<p>[\/et_pb_text][et_pb_divider show_divider=&#8220;off&#8220; _builder_version=&#8220;4.16&#8243; height=&#8220;15px&#8220; global_colors_info=&#8220;{}&#8220;]<br \/>\n[\/et_pb_divider][et_pb_divider show_divider=&#8220;off&#8220; _builder_version=&#8220;4.16&#8243; height=&#8220;15px&#8220; global_colors_info=&#8220;{}&#8220;]<br \/>\n[\/et_pb_divider][et_pb_divider show_divider=&#8220;off&#8220; _builder_version=&#8220;4.16&#8243; height=&#8220;15px&#8220; global_colors_info=&#8220;{}&#8220;]<br \/>\n[\/et_pb_divider][et_pb_divider show_divider=&#8220;off&#8220; _builder_version=&#8220;4.16&#8243; height=&#8220;15px&#8220; global_colors_info=&#8220;{}&#8220;]<br \/>\n[\/et_pb_divider][et_pb_divider show_divider=&#8220;off&#8220; _builder_version=&#8220;4.16&#8243; height=&#8220;15px&#8220; global_colors_info=&#8220;{}&#8220;]<br \/>\n[\/et_pb_divider][\/et_pb_column][et_pb_column type=&#8220;1_3&#8243; _builder_version=&#8220;4.16&#8243; custom_padding=&#8220;|||&#8220; global_colors_info=&#8220;{}&#8220; custom_padding__hover=&#8220;|||&#8220;][et_pb_image src=&#8220;http:\/\/www.wsc-haseldorf.de\/wp-content\/uploads\/2018\/01\/hafen-abends.jpg&#8220; show_in_lightbox=&#8220;on&#8220; align_tablet=&#8220;center&#8220; align_phone=&#8220;center&#8220; align_last_edited=&#8220;on|desktop&#8220; _builder_version=&#8220;4.16&#8243; custom_padding=&#8220;100px|50px||&#8220; animation_style=&#8220;slide&#8220; global_colors_info=&#8220;{}&#8220;]<br \/>\n[\/et_pb_image][et_pb_divider show_divider=&#8220;off&#8220; _builder_version=&#8220;4.16&#8243; height=&#8220;50px&#8220; global_colors_info=&#8220;{}&#8220;]<br \/>\n[\/et_pb_divider][\/et_pb_column][\/et_pb_row][\/et_pb_section][et_pb_section fb_built=&#8220;1&#8243; _builder_version=&#8220;4.16&#8243; global_colors_info=&#8220;{}&#8220;][et_pb_row column_structure=&#8220;3_4,1_4&#8243; _builder_version=&#8220;4.16&#8243; background_size=&#8220;initial&#8220; background_position=&#8220;top_left&#8220; background_repeat=&#8220;repeat&#8220; global_colors_info=&#8220;{}&#8220;][et_pb_column type=&#8220;3_4&#8243; _builder_version=&#8220;4.16&#8243; custom_padding=&#8220;|||&#8220; global_colors_info=&#8220;{}&#8220; custom_padding__hover=&#8220;|||&#8220;][\/et_pb_column][et_pb_column type=&#8220;1_4&#8243; _builder_version=&#8220;4.16&#8243; custom_padding=&#8220;|||&#8220; global_colors_info=&#8220;{}&#8220; custom_padding__hover=&#8220;|||&#8220;][\/et_pb_column][\/et_pb_row][\/et_pb_section]<\/p>\n","protected":false},"excerpt":{"rendered":"<p>ImpressumWassersport-Club Haseldorf e. V.Ulmenweg 1225492 HeistTelefon: +49 (0)172\/4573693E-Mail: a-p.ruland@t-online.de VertretungGemeinschaftlich vertretungsbefugt: 1. Vorsitzender: Dr. Peter RulandUlmenweg 1225492 HeistTelefon: +49 (0)172 \/ 4573693E-Mail: a-p.ruland@t-online.de 2. Vorsitzender: Stefan NickelsNeuer Weg 6125489 HaseldorfTelefon: +49 (0)4129 \/ 95205E-Mail: nickels63@icloud.com Das Impressum gilt f\u00fcr:http:\/\/www.wsc-haseldorf.de RegistereintragVereinsregister Amtsgericht PinnebergVR 217 EL Inhaltlich verantwortlichVerantwortlicher f\u00fcr den Inhalt nach \u00a7 55 Abs. 2 RStV:Dr. [&hellip;]<\/p>\n","protected":false},"author":1,"featured_media":0,"parent":0,"menu_order":0,"comment_status":"closed","ping_status":"closed","template":"","meta":{"_et_pb_use_builder":"on","_et_pb_old_content":"<p>iuz897o  ut877tugbjnm<\/p>\r\n\r\n<!-- wp:paragraph -->\r\n<p><\/p>\r\n<!-- \/wp:paragraph -->","_et_gb_content_width":"","footnotes":""},"class_list":["post-785","page","type-page","status-publish","hentry"],"_links":{"self":[{"href":"https:\/\/www.wsc-haseldorf.de\/index.php?rest_route=\/wp\/v2\/pages\/785","targetHints":{"allow":["GET"]}}],"collection":[{"href":"https:\/\/www.wsc-haseldorf.de\/index.php?rest_route=\/wp\/v2\/pages"}],"about":[{"href":"https:\/\/www.wsc-haseldorf.de\/index.php?rest_route=\/wp\/v2\/types\/page"}],"author":[{"embeddable":true,"href":"https:\/\/www.wsc-haseldorf.de\/index.php?rest_route=\/wp\/v2\/users\/1"}],"replies":[{"embeddable":true,"href":"https:\/\/www.wsc-haseldorf.de\/index.php?rest_route=%2Fwp%2Fv2%2Fcomments&post=785"}],"version-history":[{"count":15,"href":"https:\/\/www.wsc-haseldorf.de\/index.php?rest_route=\/wp\/v2\/pages\/785\/revisions"}],"predecessor-version":[{"id":1368,"href":"https:\/\/www.wsc-haseldorf.de\/index.php?rest_route=\/wp\/v2\/pages\/785\/revisions\/1368"}],"wp:attachment":[{"href":"https:\/\/www.wsc-haseldorf.de\/index.php?rest_route=%2Fwp%2Fv2%2Fmedia&parent=785"}],"curies":[{"name":"wp","href":"https:\/\/api.w.org\/{rel}","templated":true}]}}