{"id":820,"date":"2019-01-11T14:09:25","date_gmt":"2019-01-11T14:09:25","guid":{"rendered":"http:\/\/entwicklung.he-internet.de\/wp_wsch\/?page_id=820"},"modified":"2019-01-21T11:44:16","modified_gmt":"2019-01-21T11:44:16","slug":"warum-wir-segeln","status":"publish","type":"page","link":"https:\/\/www.wsc-haseldorf.de\/?page_id=820","title":{"rendered":"Warum wir segeln"},"content":{"rendered":"<p>[et_pb_section bb_built=&#8220;1&#8243; fullwidth=&#8220;off&#8220; specialty=&#8220;off&#8220; _builder_version=&#8220;3.0.95&#8243; background_color=&#8220;#ffffff&#8220; next_background_color=&#8220;rgba(255,255,255,0)&#8220;][et_pb_row _builder_version=&#8220;3.0.95&#8243; background_color=&#8220;rgba(255,255,255,0)&#8220;][et_pb_column type=&#8220;4_4&#8243;][et_pb_image _builder_version=&#8220;3.0.95&#8243; src=&#8220;http:\/\/www.wsc-haseldorf.de\/wp-content\/uploads\/2018\/03\/slider-jugend.jpg&#8220; show_in_lightbox=&#8220;off&#8220; url_new_window=&#8220;off&#8220; use_overlay=&#8220;off&#8220; always_center_on_mobile=&#8220;on&#8220; force_fullwidth=&#8220;off&#8220; show_bottom_space=&#8220;on&#8220; custom_padding=&#8220;-10px|||&#8220; align=&#8220;center&#8220; \/][\/et_pb_column][\/et_pb_row][\/et_pb_section][et_pb_section bb_built=&#8220;1&#8243; _builder_version=&#8220;3.0.95&#8243; background_color=&#8220;rgba(255,255,255,0)&#8220; prev_background_color=&#8220;#ffffff&#8220; next_background_color=&#8220;#ffffff&#8220;][et_pb_row _builder_version=&#8220;3.0.95&#8243; background_color=&#8220;#ffffff&#8220; custom_margin=&#8220;-11px|||&#8220;][et_pb_column type=&#8220;2_3&#8243;][et_pb_text _builder_version=&#8220;3.19.4&#8243; custom_padding=&#8220;50px|||50px&#8220; text_font=&#8220;Archivo||||||||&#8220;]<\/p>\n<h1>Warum wir segeln<\/h1>\n<p>[\/et_pb_text][et_pb_text _builder_version=&#8220;3.19.4&#8243; custom_padding=&#8220;|50px||50px&#8220;]<\/p>\n<p><i>&#8222;Ein fr\u00fcher Sommermorgen, keine Wolke versperrt der Sonne den Weg vom strahlend blauen Himmel. Kein Windhauch regt sich. Das Wasser bildet eine spiegelglatte Fl\u00e4che. Die Ruhe um uns herum wird nur kurz durch den Schrei einer M\u00f6we durchbrochen. Fast ehrf\u00fcrchtig, diese friedliche Stimmung nicht zu zerst\u00f6ren, wird die Unterhaltung an Bord nur mit gesenkter Stimme gef\u00fchrt. <span class=\"Apple-converted-space\">\u00a0<\/span><\/i><\/p>\n<p><i>Da, eine leichte Brise zieht heran. Ihr Weg zeichnet sich durch leichte Kr\u00e4uselung auf der Wasseroberfl\u00e4che ab. Sie n\u00e4hert sich unserem Boot, f\u00fcllt sanft die Segel und gibt uns leichten Vortrieb. Die Brise gewinnt an Kraft. Der Bug beginnt das Wasser zu durchschneiden. Das Ruder antwortet mit leichtem Druck. Eine kleine Heckwelle entsteht, in der es erst wenig, dann mit zunehmender Fahrt immer st\u00e4rker zu gluckern und gurgeln beginnt. Das Schiff nimmt zusehends Fahrt auf. Die Gesichter an Bord strahlen. Wir nutzen die Kr\u00e4fte der Natur, ohne deren Ressourcen zu zerst\u00f6ren. Wir segeln im Einklang mit der Natur!<span class=\"Apple-converted-space\">\u00a0<\/span><\/i><\/p>\n<p><i>Sp\u00e4testens jetzt f\u00e4llt die Anspannung einer anstrengenden Woche wie ein Vorhang. Das Gef\u00fchl \u201eWir leben!\u201c, bereitet sich in diesem Moment mit Macht seinen Weg.&#8220;<\/i><\/p>\n<p>So oder \u00e4hnlich kann ein idealer Segeltag starten. Es gibt Stimmen, die behaupten es gibt kaum etwas Sch\u00f6neres. Doch ein Segelboot zu f\u00fchren, setzt F\u00e4higkeiten voraus, die zu erlernen der Startpunkt eines jeden Seglerlebens ist. Hexenwerk? Mitnichten!<\/p>\n<p>Der Wassersport-Club Haseldorf e.V. (WSCHa) bietet interessierten Jugendlichen im Alter zwischen 8 und 15 Jahren einen kostenfreien Segelkurs an, der mit dem J\u00fcngstenschein abschlie\u00dft. Dieser bildet das Sprungbrett f\u00fcr anschlie\u00dfende Segelscheine und schafft schon in diesem ersten Schritt die Berechtigung an offiziellen Regatten teilzunehmen. Einzige Voraussetzung sind eine Mitgliedschaft im WSCHa und der Wille sich einer Sportart zu n\u00e4hern, die zur lebenslangen Passion werden kann.<span class=\"Apple-converted-space\">\u00a0<\/span><\/p>\n<p>Die jungen Segelaspiranten treffen sich im 14-t\u00e4gigen Rhythmus. Gelehrt werden die theoretischen Grundlagen des Segelns, warum und wie kann der Wind \u00fcberhaupt ein Segelboot im Wasser vorantreiben? Welche Vorfahrtsregeln sind zu beachten. Aber auch Knotenkunde und Pflege der Boote stehen auf dem Stundenplan.<span class=\"Apple-converted-space\">\u00a0<\/span><\/p>\n<p>Mit Beginn der warmen Jahreszeit startet dann jeweils samstags tiedenabh\u00e4ngig der praktische Teil. Gesegelt wird in den clubeigenen Optis, Teenys und Piraten. Die ersten Erfahrungen werden zun\u00e4chst im gesch\u00fctzten Hafenbecken gemacht. Mit fortschreitendem K\u00f6nnen geht es dann hinaus auf die Binnenelbe, dem Hausrevier des WSCHa. Dieses beginnt in Sichtweite des Hafens und mit etwas Gl\u00fcck zeigt sich in dieser einzigartigen Natur einer der vielen Seehunde, die hier in den letzten Jahren ihre Sommerheimat gefunden haben.<span class=\"Apple-converted-space\">\u00a0<\/span><\/p>\n<p><b>Interesse geweckt?<span class=\"Apple-converted-space\">\u00a0<\/span><\/b><\/p>\n<p>Monika Eisengarten (Tel: 04122 \u2013 83714)<span class=\"Apple-converted-space\">\u00a0 <\/span>und Dr. Peter Ruland (Tel: 04122 \u2013 82468), die beide auf langj\u00e4hrige und erfolgreiche Jugendarbeit im Verein zur\u00fcckblicken, stehen gerne f\u00fcr weitere Ausk\u00fcnfte zur Verf\u00fcgung.<span class=\"Apple-converted-space\">\u00a0<\/span><\/p>\n<p>[\/et_pb_text][et_pb_divider _builder_version=&#8220;3.2&#8243; height=&#8220;15px&#8220; color=&#8220;#ffffff&#8220; show_divider=&#8220;off&#8220; \/][\/et_pb_column][et_pb_column type=&#8220;1_3&#8243;][et_pb_image _builder_version=&#8220;3.0.95&#8243; src=&#8220;http:\/\/www.wsc-haseldorf.de\/wp-content\/uploads\/2018\/03\/jugend-1.jpg&#8220; show_in_lightbox=&#8220;on&#8220; url_new_window=&#8220;off&#8220; use_overlay=&#8220;off&#8220; always_center_on_mobile=&#8220;on&#8220; force_fullwidth=&#8220;off&#8220; show_bottom_space=&#8220;on&#8220; custom_padding=&#8220;100px|50px||&#8220; animation_style=&#8220;slide&#8220; \/][et_pb_image _builder_version=&#8220;3.0.95&#8243; src=&#8220;http:\/\/www.wsc-haseldorf.de\/wp-content\/uploads\/2018\/03\/jugend-3.jpg&#8220; show_in_lightbox=&#8220;on&#8220; url_new_window=&#8220;off&#8220; use_overlay=&#8220;off&#8220; always_center_on_mobile=&#8220;on&#8220; force_fullwidth=&#8220;off&#8220; show_bottom_space=&#8220;on&#8220; custom_padding=&#8220;|50px||&#8220; animation_style=&#8220;slide&#8220; \/][et_pb_image _builder_version=&#8220;3.19.4&#8243; src=&#8220;http:\/\/www.wsc-haseldorf.de\/wp-content\/uploads\/2019\/01\/Wedel-Schulauer-29.03.jpg&#8220; custom_padding=&#8220;|50px||&#8220; animation_style=&#8220;slide&#8220; url=&#8220;http:\/\/www.wsc-haseldorf.de\/wp-content\/uploads\/2019\/01\/Chance-f\u00fcr-den-Segelnachwuchs-Wedel-Schulauer-29.03.2018.pdf&#8220; url_new_window=&#8220;on&#8220; box_shadow_style=&#8220;preset2&#8243; \/][\/et_pb_column][\/et_pb_row][\/et_pb_section][et_pb_section bb_built=&#8220;1&#8243; fullwidth=&#8220;off&#8220; specialty=&#8220;off&#8220; prev_background_color=&#8220;rgba(255,255,255,0)&#8220;][et_pb_row][et_pb_column type=&#8220;3_4&#8243;][\/et_pb_column][et_pb_column type=&#8220;1_4&#8243;][\/et_pb_column][\/et_pb_row][\/et_pb_section]<\/p>\n","protected":false},"excerpt":{"rendered":"<p>Warum wir segeln &#8222;Ein fr\u00fcher Sommermorgen, keine Wolke versperrt der Sonne den Weg vom strahlend blauen Himmel. Kein Windhauch regt sich. Das Wasser bildet eine spiegelglatte Fl\u00e4che. Die Ruhe um uns herum wird nur kurz durch den Schrei einer M\u00f6we durchbrochen. Fast ehrf\u00fcrchtig, diese friedliche Stimmung nicht zu zerst\u00f6ren, wird die Unterhaltung an Bord nur [&hellip;]<\/p>\n","protected":false},"author":1,"featured_media":0,"parent":0,"menu_order":0,"comment_status":"closed","ping_status":"closed","template":"","meta":{"_et_pb_use_builder":"on","_et_pb_old_content":"","_et_gb_content_width":"","footnotes":""},"class_list":["post-820","page","type-page","status-publish","hentry"],"_links":{"self":[{"href":"https:\/\/www.wsc-haseldorf.de\/index.php?rest_route=\/wp\/v2\/pages\/820","targetHints":{"allow":["GET"]}}],"collection":[{"href":"https:\/\/www.wsc-haseldorf.de\/index.php?rest_route=\/wp\/v2\/pages"}],"about":[{"href":"https:\/\/www.wsc-haseldorf.de\/index.php?rest_route=\/wp\/v2\/types\/page"}],"author":[{"embeddable":true,"href":"https:\/\/www.wsc-haseldorf.de\/index.php?rest_route=\/wp\/v2\/users\/1"}],"replies":[{"embeddable":true,"href":"https:\/\/www.wsc-haseldorf.de\/index.php?rest_route=%2Fwp%2Fv2%2Fcomments&post=820"}],"version-history":[{"count":6,"href":"https:\/\/www.wsc-haseldorf.de\/index.php?rest_route=\/wp\/v2\/pages\/820\/revisions"}],"predecessor-version":[{"id":877,"href":"https:\/\/www.wsc-haseldorf.de\/index.php?rest_route=\/wp\/v2\/pages\/820\/revisions\/877"}],"wp:attachment":[{"href":"https:\/\/www.wsc-haseldorf.de\/index.php?rest_route=%2Fwp%2Fv2%2Fmedia&parent=820"}],"curies":[{"name":"wp","href":"https:\/\/api.w.org\/{rel}","templated":true}]}}