{"id":881,"date":"2019-01-21T11:59:25","date_gmt":"2019-01-21T11:59:25","guid":{"rendered":"http:\/\/entwicklung.he-internet.de\/wp_wsch\/?page_id=881"},"modified":"2026-03-09T20:03:30","modified_gmt":"2026-03-09T20:03:30","slug":"ansprechpartner","status":"publish","type":"page","link":"https:\/\/www.wsc-haseldorf.de\/?page_id=881","title":{"rendered":"Ansprechpartner"},"content":{"rendered":"<p>[et_pb_section fb_built=&#8220;1&#8243; _builder_version=&#8220;4.16&#8243; background_color=&#8220;#ffffff&#8220; global_colors_info=&#8220;{}&#8220;][et_pb_row _builder_version=&#8220;4.16&#8243; background_color=&#8220;rgba(255,255,255,0)&#8220; global_colors_info=&#8220;{}&#8220;][et_pb_column type=&#8220;4_4&#8243; _builder_version=&#8220;4.16&#8243; custom_padding=&#8220;|||&#8220; global_colors_info=&#8220;{}&#8220; custom_padding__hover=&#8220;|||&#8220;][et_pb_image src=&#8220;http:\/\/www.wsc-haseldorf.de\/wp-content\/uploads\/2018\/03\/slider-jugend.jpg&#8220; align=&#8220;center&#8220; align_tablet=&#8220;center&#8220; align_phone=&#8220;center&#8220; align_last_edited=&#8220;on|desktop&#8220; _builder_version=&#8220;4.16&#8243; custom_padding=&#8220;-10px|||&#8220; always_center_on_mobile=&#8220;on&#8220; global_colors_info=&#8220;{}&#8220;][\/et_pb_image][\/et_pb_column][\/et_pb_row][\/et_pb_section][et_pb_section fb_built=&#8220;1&#8243; _builder_version=&#8220;4.16&#8243; background_color=&#8220;rgba(255,255,255,0)&#8220; global_colors_info=&#8220;{}&#8220;][et_pb_row column_structure=&#8220;2_3,1_3&#8243; _builder_version=&#8220;4.16&#8243; background_color=&#8220;#ffffff&#8220; custom_margin=&#8220;-11px|||&#8220; global_colors_info=&#8220;{}&#8220;][et_pb_column type=&#8220;2_3&#8243; _builder_version=&#8220;4.16&#8243; custom_padding=&#8220;|||&#8220; global_colors_info=&#8220;{}&#8220; custom_padding__hover=&#8220;|||&#8220;][et_pb_text _builder_version=&#8220;4.18.0&#8243; text_font=&#8220;||||||||&#8220; custom_padding=&#8220;50px|||50px&#8220; global_colors_info=&#8220;{}&#8220;]<\/p>\n<h1>Ansprechpartner<\/h1>\n<p>[\/et_pb_text][et_pb_text _builder_version=&#8220;4.16&#8243; custom_padding=&#8220;|50px||50px&#8220; global_colors_info=&#8220;{}&#8220;]<\/p>\n<p>Mit viel Einf\u00fchlungsverm\u00f6gen und ebenso viel Spa\u00df und Engagement leiten <strong>Nicolai M\u00fcller<\/strong> (Jugendwart) und <b>Dr. Peter Ruland<\/b> (Jugendtrainer) seit vielen Jahren die Jugendarbeit im WSCHa.<\/p>\n<p>Sie haben es sich zur Aufgabe gestellt, junge Menschen an den Segelsport heranzuf\u00fchren. Sie zeigen auf,<span class=\"Apple-converted-space\">\u00a0<\/span>dass die reale Welt auch au\u00dferhalb von Smartphone und Computer vieles bereith\u00e4lt, mit dem zu besch\u00e4ftigen sich lohnt, sei es beispielsweise die Teilnahme an Meisterschaften und der Aussicht auf Gewinn von Titeln und Ehrungen oder der Teilnahme an Segelfreizeiten.<span class=\"Apple-converted-space\">\u00a0<\/span><\/p>\n<p><b>Nicolai M\u00fcller <\/b>(Jugendwart)<br \/>Telefon: 0152 \/ 243 178 71<br \/>Email:\u00a0jugend@wsc-haseldorf.de<\/p>\n<p><b>Dr. Peter Ruland <\/b>(Jugendtrainer)<br \/>Telefon:\u00a004122 \/ 8 24 68<\/p>\n<p>[\/et_pb_text][et_pb_divider show_divider=&#8220;off&#8220; _builder_version=&#8220;4.16&#8243; height=&#8220;15px&#8220; global_colors_info=&#8220;{}&#8220;][\/et_pb_divider][\/et_pb_column][et_pb_column type=&#8220;1_3&#8243; _builder_version=&#8220;4.16&#8243; custom_padding=&#8220;|||&#8220; global_colors_info=&#8220;{}&#8220; custom_padding__hover=&#8220;|||&#8220;][et_pb_image src=&#8220;http:\/\/www.wsc-haseldorf.de\/wp-content\/uploads\/2019\/01\/jugend-DSC_1165.jpg&#8220; show_in_lightbox=&#8220;on&#8220; align_tablet=&#8220;center&#8220; align_phone=&#8220;center&#8220; align_last_edited=&#8220;on|desktop&#8220; _builder_version=&#8220;4.16&#8243; custom_padding=&#8220;100px|50px||&#8220; animation_style=&#8220;slide&#8220; global_colors_info=&#8220;{}&#8220;][\/et_pb_image][et_pb_image src=&#8220;http:\/\/www.wsc-haseldorf.de\/wp-content\/uploads\/2019\/01\/jugend-DSC_2543.jpg&#8220; show_in_lightbox=&#8220;on&#8220; align_tablet=&#8220;center&#8220; align_phone=&#8220;center&#8220; align_last_edited=&#8220;on|desktop&#8220; _builder_version=&#8220;4.16&#8243; custom_padding=&#8220;|50px||&#8220; animation_style=&#8220;slide&#8220; global_colors_info=&#8220;{}&#8220;][\/et_pb_image][et_pb_image src=&#8220;http:\/\/www.wsc-haseldorf.de\/wp-content\/uploads\/2019\/01\/jugend-DSC_2516.jpg&#8220; show_in_lightbox=&#8220;on&#8220; align_tablet=&#8220;center&#8220; align_phone=&#8220;center&#8220; align_last_edited=&#8220;on|desktop&#8220; _builder_version=&#8220;4.16&#8243; custom_padding=&#8220;|50px||&#8220; animation_style=&#8220;slide&#8220; box_shadow_style=&#8220;preset2&#8243; global_colors_info=&#8220;{}&#8220;][\/et_pb_image][et_pb_divider show_divider=&#8220;off&#8220; _builder_version=&#8220;4.16&#8243; global_colors_info=&#8220;{}&#8220;][\/et_pb_divider][\/et_pb_column][\/et_pb_row][\/et_pb_section][et_pb_section fb_built=&#8220;1&#8243; _builder_version=&#8220;4.16&#8243; global_colors_info=&#8220;{}&#8220;][et_pb_row column_structure=&#8220;3_4,1_4&#8243; _builder_version=&#8220;4.16&#8243; background_size=&#8220;initial&#8220; background_position=&#8220;top_left&#8220; background_repeat=&#8220;repeat&#8220; global_colors_info=&#8220;{}&#8220;][et_pb_column type=&#8220;3_4&#8243; _builder_version=&#8220;4.16&#8243; custom_padding=&#8220;|||&#8220; global_colors_info=&#8220;{}&#8220; custom_padding__hover=&#8220;|||&#8220;][\/et_pb_column][et_pb_column type=&#8220;1_4&#8243; _builder_version=&#8220;4.16&#8243; custom_padding=&#8220;|||&#8220; global_colors_info=&#8220;{}&#8220; custom_padding__hover=&#8220;|||&#8220;][\/et_pb_column][\/et_pb_row][\/et_pb_section]<\/p>\n","protected":false},"excerpt":{"rendered":"<p>AnsprechpartnerMit viel Einf\u00fchlungsverm\u00f6gen und ebenso viel Spa\u00df und Engagement leiten Nicolai M\u00fcller (Jugendwart) und Dr. Peter Ruland (Jugendtrainer) seit vielen Jahren die Jugendarbeit im WSCHa. Sie haben es sich zur Aufgabe gestellt, junge Menschen an den Segelsport heranzuf\u00fchren. Sie zeigen auf,\u00a0dass die reale Welt auch au\u00dferhalb von Smartphone und Computer vieles bereith\u00e4lt, mit dem zu [&hellip;]<\/p>\n","protected":false},"author":1,"featured_media":0,"parent":0,"menu_order":0,"comment_status":"closed","ping_status":"closed","template":"","meta":{"_et_pb_use_builder":"on","_et_pb_old_content":"","_et_gb_content_width":"","footnotes":""},"class_list":["post-881","page","type-page","status-publish","hentry"],"_links":{"self":[{"href":"https:\/\/www.wsc-haseldorf.de\/index.php?rest_route=\/wp\/v2\/pages\/881","targetHints":{"allow":["GET"]}}],"collection":[{"href":"https:\/\/www.wsc-haseldorf.de\/index.php?rest_route=\/wp\/v2\/pages"}],"about":[{"href":"https:\/\/www.wsc-haseldorf.de\/index.php?rest_route=\/wp\/v2\/types\/page"}],"author":[{"embeddable":true,"href":"https:\/\/www.wsc-haseldorf.de\/index.php?rest_route=\/wp\/v2\/users\/1"}],"replies":[{"embeddable":true,"href":"https:\/\/www.wsc-haseldorf.de\/index.php?rest_route=%2Fwp%2Fv2%2Fcomments&post=881"}],"version-history":[{"count":12,"href":"https:\/\/www.wsc-haseldorf.de\/index.php?rest_route=\/wp\/v2\/pages\/881\/revisions"}],"predecessor-version":[{"id":1397,"href":"https:\/\/www.wsc-haseldorf.de\/index.php?rest_route=\/wp\/v2\/pages\/881\/revisions\/1397"}],"wp:attachment":[{"href":"https:\/\/www.wsc-haseldorf.de\/index.php?rest_route=%2Fwp%2Fv2%2Fmedia&parent=881"}],"curies":[{"name":"wp","href":"https:\/\/api.w.org\/{rel}","templated":true}]}}