{"id":891,"date":"2019-01-21T12:27:58","date_gmt":"2019-01-21T12:27:58","guid":{"rendered":"http:\/\/entwicklung.he-internet.de\/wp_wsch\/?page_id=891"},"modified":"2019-01-21T12:41:20","modified_gmt":"2019-01-21T12:41:20","slug":"trainingszeiten","status":"publish","type":"page","link":"https:\/\/www.wsc-haseldorf.de\/?page_id=891","title":{"rendered":"Trainingszeiten"},"content":{"rendered":"<p>[et_pb_section bb_built=&#8220;1&#8243; fullwidth=&#8220;off&#8220; specialty=&#8220;off&#8220; _builder_version=&#8220;3.0.95&#8243; background_color=&#8220;#ffffff&#8220; next_background_color=&#8220;rgba(255,255,255,0)&#8220;][et_pb_row _builder_version=&#8220;3.0.95&#8243; background_color=&#8220;rgba(255,255,255,0)&#8220;][et_pb_column type=&#8220;4_4&#8243;][et_pb_image _builder_version=&#8220;3.0.95&#8243; src=&#8220;http:\/\/www.wsc-haseldorf.de\/wp-content\/uploads\/2018\/03\/slider-jugend.jpg&#8220; show_in_lightbox=&#8220;off&#8220; url_new_window=&#8220;off&#8220; use_overlay=&#8220;off&#8220; always_center_on_mobile=&#8220;on&#8220; force_fullwidth=&#8220;off&#8220; show_bottom_space=&#8220;on&#8220; custom_padding=&#8220;-10px|||&#8220; align=&#8220;center&#8220; \/][\/et_pb_column][\/et_pb_row][\/et_pb_section][et_pb_section bb_built=&#8220;1&#8243; _builder_version=&#8220;3.0.95&#8243; background_color=&#8220;rgba(255,255,255,0)&#8220; prev_background_color=&#8220;#ffffff&#8220; next_background_color=&#8220;#ffffff&#8220;][et_pb_row _builder_version=&#8220;3.0.95&#8243; background_color=&#8220;#ffffff&#8220; custom_margin=&#8220;-11px|||&#8220;][et_pb_column type=&#8220;2_3&#8243;][et_pb_text _builder_version=&#8220;3.19.4&#8243; custom_padding=&#8220;50px|||50px&#8220; text_font=&#8220;Archivo||||||||&#8220;]<\/p>\n<h1>Trainingszeiten<\/h1>\n<p>[\/et_pb_text][et_pb_text _builder_version=&#8220;3.19.4&#8243; custom_padding=&#8220;|50px||50px&#8220; header_2_font_size=&#8220;20px&#8220;]<\/p>\n<h2>Theoretischer Unterricht<\/h2>\n<p>In den Wintermonaten (Oktober &#8211; April) wird die Theorie <strong>samstags alle 14 Tage von 11:30 \u2013 12:30 Uhr<\/strong> im Haseldorfer Hafenhaus unterrichtet. In einer gem\u00fctlichen und entspannten Atmosph\u00e4re lernt ihr die Grundkenntnisse des Segelns kennen und werdet auf die Pr\u00fcfung f\u00fcr den J\u00fcngsten-Schein vorbereitet.<\/p>\n<h2>Praktischer Unterricht<span class=\"Apple-converted-space\">\u00a0<\/span><\/h2>\n<p>Die Segelsaison l\u00e4uft von April bis Oktober.<span class=\"Apple-converted-space\">\u00a0 <\/span>Zum Start der Saison werden die Boote mit vereinten Kr\u00e4ften aus dem Winterlager geholt, geputzt und zum Hafen gebracht.<span class=\"Apple-converted-space\">\u00a0<\/span><\/p>\n<p>Der praktische Unterricht findet <strong>jeden Samstag, je nach Tide morgens, mittags oder abends<\/strong> statt.<\/p>\n<p>Geleitet wird das Training durch zwei fachkundige Trainer, die die segelnden Kids mit einem Motorboot begleiten. So kann jederzeit die Umsetzung des erworbenen Theoriewissens auf dem Wasser sichergestellt werden.<span class=\"Apple-converted-space\">\u00a0<\/span><\/p>\n<p><b>Wichtig:<\/b> Jedes Kind sollte schwimmen k\u00f6nnen (Seepferdchen\/Bronzeschein) und eine eigene Schwimmweste haben.<\/p>\n<h2>Schnuppersegeln<\/h2>\n<p>Anmelden k\u00f6nnen sich die Kinder und Jugendlichen jederzeit und bei der Theorie oder beim Wassertraining mitmachen. Der Plan mit den Trainingszeiten h\u00e4ngt im Schaukasten am Hafen aus. Gerne stehen wir aber auch unter den genannten Kontaktdaten f\u00fcr Ausk\u00fcnfte zur Verf\u00fcgung.<\/p>\n<p>[\/et_pb_text][et_pb_divider _builder_version=&#8220;3.2&#8243; height=&#8220;15px&#8220; color=&#8220;#ffffff&#8220; show_divider=&#8220;off&#8220; \/][\/et_pb_column][et_pb_column type=&#8220;1_3&#8243;][et_pb_image _builder_version=&#8220;3.19.4&#8243; src=&#8220;http:\/\/www.wsc-haseldorf.de\/wp-content\/uploads\/2019\/01\/Schwarzes_Brett_am_Hafenmeisterhaus.jpg&#8220; show_in_lightbox=&#8220;on&#8220; custom_padding=&#8220;100px|50px||&#8220; animation_style=&#8220;slide&#8220; \/][et_pb_image _builder_version=&#8220;3.19.4&#8243; src=&#8220;http:\/\/www.wsc-haseldorf.de\/wp-content\/uploads\/2019\/01\/jugend-DSC_1427.jpg&#8220; show_in_lightbox=&#8220;on&#8220; custom_padding=&#8220;|50px||&#8220; animation_style=&#8220;slide&#8220; \/][et_pb_image _builder_version=&#8220;3.19.4&#8243; src=&#8220;http:\/\/www.wsc-haseldorf.de\/wp-content\/uploads\/2019\/01\/jugend-DSC_0357.jpg&#8220; custom_padding=&#8220;|50px||&#8220; animation_style=&#8220;slide&#8220; url_new_window=&#8220;on&#8220; box_shadow_style=&#8220;preset2&#8243; show_in_lightbox=&#8220;on&#8220; \/][\/et_pb_column][\/et_pb_row][\/et_pb_section][et_pb_section bb_built=&#8220;1&#8243; fullwidth=&#8220;off&#8220; specialty=&#8220;off&#8220; prev_background_color=&#8220;rgba(255,255,255,0)&#8220;][et_pb_row][et_pb_column type=&#8220;3_4&#8243;][\/et_pb_column][et_pb_column type=&#8220;1_4&#8243;][\/et_pb_column][\/et_pb_row][\/et_pb_section]<\/p>\n","protected":false},"excerpt":{"rendered":"<p>Trainingszeiten Theoretischer Unterricht In den Wintermonaten (Oktober &#8211; April) wird die Theorie samstags alle 14 Tage von 11:30 \u2013 12:30 Uhr im Haseldorfer Hafenhaus unterrichtet. In einer gem\u00fctlichen und entspannten Atmosph\u00e4re lernt ihr die Grundkenntnisse des Segelns kennen und werdet auf die Pr\u00fcfung f\u00fcr den J\u00fcngsten-Schein vorbereitet. Praktischer Unterricht\u00a0 Die Segelsaison l\u00e4uft von April bis [&hellip;]<\/p>\n","protected":false},"author":1,"featured_media":0,"parent":0,"menu_order":0,"comment_status":"closed","ping_status":"closed","template":"","meta":{"_et_pb_use_builder":"on","_et_pb_old_content":"","_et_gb_content_width":"","footnotes":""},"class_list":["post-891","page","type-page","status-publish","hentry"],"_links":{"self":[{"href":"https:\/\/www.wsc-haseldorf.de\/index.php?rest_route=\/wp\/v2\/pages\/891","targetHints":{"allow":["GET"]}}],"collection":[{"href":"https:\/\/www.wsc-haseldorf.de\/index.php?rest_route=\/wp\/v2\/pages"}],"about":[{"href":"https:\/\/www.wsc-haseldorf.de\/index.php?rest_route=\/wp\/v2\/types\/page"}],"author":[{"embeddable":true,"href":"https:\/\/www.wsc-haseldorf.de\/index.php?rest_route=\/wp\/v2\/users\/1"}],"replies":[{"embeddable":true,"href":"https:\/\/www.wsc-haseldorf.de\/index.php?rest_route=%2Fwp%2Fv2%2Fcomments&post=891"}],"version-history":[{"count":4,"href":"https:\/\/www.wsc-haseldorf.de\/index.php?rest_route=\/wp\/v2\/pages\/891\/revisions"}],"predecessor-version":[{"id":900,"href":"https:\/\/www.wsc-haseldorf.de\/index.php?rest_route=\/wp\/v2\/pages\/891\/revisions\/900"}],"wp:attachment":[{"href":"https:\/\/www.wsc-haseldorf.de\/index.php?rest_route=%2Fwp%2Fv2%2Fmedia&parent=891"}],"curies":[{"name":"wp","href":"https:\/\/api.w.org\/{rel}","templated":true}]}}